{"id":104,"date":"2017-10-28T13:46:48","date_gmt":"2017-10-28T13:46:48","guid":{"rendered":"https:\/\/geocronos.cl\/index.php\/our-services\/"},"modified":"2023-05-29T19:49:08","modified_gmt":"2023-05-29T23:49:08","slug":"servicios","status":"publish","type":"page","link":"https:\/\/geocronos.cl\/index.php\/servicios\/","title":{"rendered":"Servicios"},"content":{"rendered":"\t\t<div data-elementor-type=\"wp-page\" data-elementor-id=\"104\" class=\"elementor elementor-104\" data-elementor-post-type=\"page\">\n\t\t\t\t<div class=\"elementor-element elementor-element-ce5b05e e-flex e-con-boxed e-con e-parent\" data-id=\"ce5b05e\" data-element_type=\"container\">\n\t\t\t\t\t<div class=\"e-con-inner\">\n\t\t<div class=\"elementor-element elementor-element-6d890a5 e-con-full e-flex e-con e-parent\" data-id=\"6d890a5\" data-element_type=\"container\">\n\t\t\t\t<div class=\"elementor-element elementor-element-9863007 elementor-widget elementor-widget-image\" data-id=\"9863007\" data-element_type=\"widget\" data-widget_type=\"image.default\">\n\t\t\t\t<div class=\"elementor-widget-container\">\n\t\t\t\t\t\t\t\t\t\t\t\t\t\t\t<img decoding=\"async\" width=\"189\" height=\"192\" src=\"https:\/\/geocronos.cl\/wp-content\/uploads\/2020\/08\/iso.png\" class=\"attachment-large size-large wp-image-416\" alt=\"\" \/>\t\t\t\t\t\t\t\t\t\t\t\t\t\t\t<\/div>\n\t\t\t\t<\/div>\n\t\t\t\t<div class=\"elementor-element elementor-element-c5789c6 elementor-widget elementor-widget-heading\" data-id=\"c5789c6\" data-element_type=\"widget\" data-widget_type=\"heading.default\">\n\t\t\t\t<div class=\"elementor-widget-container\">\n\t\t\t\t\t<h2 class=\"elementor-heading-title elementor-size-default\">Geocronos: Servicios, Asesor\u00edas y Consultorias Geol\u00f3gicas\n<\/h2>\t\t\t\t<\/div>\n\t\t\t\t<\/div>\n\t\t\t\t<div class=\"elementor-element elementor-element-c2a1393 elementor-widget elementor-widget-text-editor\" data-id=\"c2a1393\" data-element_type=\"widget\" data-widget_type=\"text-editor.default\">\n\t\t\t\t<div class=\"elementor-widget-container\">\n\t\t\t\t\t\t\t\t\t<div class=\"grve-element grve-text grve-animated-item grve-fade-in-up grve-duration-normal grve-animated\" data-delay=\"400\"><p>Nuestro sello es la atenci\u00f3n personalizada a nuestros clientes de manera tal de satisfacer a cabalidad sus requerimientos en t\u00e9rminos de costos y tiempos de respuestas. Conozca nuestros servicios seleccionando alguno a continuaci\u00f3n.<\/p><\/div>\t\t\t\t\t\t\t\t<\/div>\n\t\t\t\t<\/div>\n\t\t\t\t<div class=\"elementor-element elementor-element-cbf2341 elementor-icon-list--layout-traditional elementor-list-item-link-full_width elementor-widget elementor-widget-icon-list\" data-id=\"cbf2341\" data-element_type=\"widget\" data-widget_type=\"icon-list.default\">\n\t\t\t\t<div class=\"elementor-widget-container\">\n\t\t\t\t\t\t\t<ul class=\"elementor-icon-list-items\">\n\t\t\t\t\t\t\t<li class=\"elementor-icon-list-item\">\n\t\t\t\t\t\t\t\t\t\t\t<a href=\"https:\/\/geocronos.cl\/index.php\/exploracion-minera\/\">\n\n\t\t\t\t\t\t\t\t\t\t\t\t<span class=\"elementor-icon-list-icon\">\n\t\t\t\t\t\t\t<i aria-hidden=\"true\" class=\"fas fa-arrow-right\"><\/i>\t\t\t\t\t\t<\/span>\n\t\t\t\t\t\t\t\t\t\t<span class=\"elementor-icon-list-text\">EXPLORACI\u00d3N MINERA<\/span>\n\t\t\t\t\t\t\t\t\t\t\t<\/a>\n\t\t\t\t\t\t\t\t\t<\/li>\n\t\t\t\t\t\t\t\t<li class=\"elementor-icon-list-item\">\n\t\t\t\t\t\t\t\t\t\t\t<a href=\"https:\/\/geocronos.cl\/index.php\/levantamiento-geologico\/\">\n\n\t\t\t\t\t\t\t\t\t\t\t\t<span class=\"elementor-icon-list-icon\">\n\t\t\t\t\t\t\t<i aria-hidden=\"true\" class=\"fas fa-arrow-right\"><\/i>\t\t\t\t\t\t<\/span>\n\t\t\t\t\t\t\t\t\t\t<span class=\"elementor-icon-list-text\">Levantamiento Geol\u00f3gico<\/span>\n\t\t\t\t\t\t\t\t\t\t\t<\/a>\n\t\t\t\t\t\t\t\t\t<\/li>\n\t\t\t\t\t\t\t\t<li class=\"elementor-icon-list-item\">\n\t\t\t\t\t\t\t\t\t\t\t<a href=\"https:\/\/geocronos.cl\/index.php\/petrografia-y-calcografia\/\">\n\n\t\t\t\t\t\t\t\t\t\t\t\t<span class=\"elementor-icon-list-icon\">\n\t\t\t\t\t\t\t<i aria-hidden=\"true\" class=\"fas fa-arrow-right\"><\/i>\t\t\t\t\t\t<\/span>\n\t\t\t\t\t\t\t\t\t\t<span class=\"elementor-icon-list-text\">Petrograf\u00eda y Calcograf\u00eda<\/span>\n\t\t\t\t\t\t\t\t\t\t\t<\/a>\n\t\t\t\t\t\t\t\t\t<\/li>\n\t\t\t\t\t\t\t\t<li class=\"elementor-icon-list-item\">\n\t\t\t\t\t\t\t\t\t\t\t<a href=\"https:\/\/geocronos.cl\/index.php\/mineralogia-aplicada\/\">\n\n\t\t\t\t\t\t\t\t\t\t\t\t<span class=\"elementor-icon-list-icon\">\n\t\t\t\t\t\t\t<i aria-hidden=\"true\" class=\"fas fa-arrow-right\"><\/i>\t\t\t\t\t\t<\/span>\n\t\t\t\t\t\t\t\t\t\t<span class=\"elementor-icon-list-text\">Mineralog\u00eda Aplicada<\/span>\n\t\t\t\t\t\t\t\t\t\t\t<\/a>\n\t\t\t\t\t\t\t\t\t<\/li>\n\t\t\t\t\t\t\t\t<li class=\"elementor-icon-list-item\">\n\t\t\t\t\t\t\t\t\t\t\t<a href=\"https:\/\/geocronos.cl\/index.php\/geometalurgia\/\">\n\n\t\t\t\t\t\t\t\t\t\t\t\t<span class=\"elementor-icon-list-icon\">\n\t\t\t\t\t\t\t<i aria-hidden=\"true\" class=\"fas fa-arrow-right\"><\/i>\t\t\t\t\t\t<\/span>\n\t\t\t\t\t\t\t\t\t\t<span class=\"elementor-icon-list-text\">Geometalurgia<\/span>\n\t\t\t\t\t\t\t\t\t\t\t<\/a>\n\t\t\t\t\t\t\t\t\t<\/li>\n\t\t\t\t\t\t\t\t<li class=\"elementor-icon-list-item\">\n\t\t\t\t\t\t\t\t\t\t\t<a href=\"https:\/\/geocronos.cl\/index.php\/outsourcing\/\">\n\n\t\t\t\t\t\t\t\t\t\t\t\t<span class=\"elementor-icon-list-icon\">\n\t\t\t\t\t\t\t<i aria-hidden=\"true\" class=\"fas fa-arrow-right\"><\/i>\t\t\t\t\t\t<\/span>\n\t\t\t\t\t\t\t\t\t\t<span class=\"elementor-icon-list-text\">Outsourcing<\/span>\n\t\t\t\t\t\t\t\t\t\t\t<\/a>\n\t\t\t\t\t\t\t\t\t<\/li>\n\t\t\t\t\t\t\t\t<li class=\"elementor-icon-list-item\">\n\t\t\t\t\t\t\t\t\t\t\t<a href=\"https:\/\/geocronos.cl\/index.php\/taller-de-preparaciones-petrograficas\/\">\n\n\t\t\t\t\t\t\t\t\t\t\t\t<span class=\"elementor-icon-list-icon\">\n\t\t\t\t\t\t\t<i aria-hidden=\"true\" class=\"fas fa-arrow-right\"><\/i>\t\t\t\t\t\t<\/span>\n\t\t\t\t\t\t\t\t\t\t<span class=\"elementor-icon-list-text\">Taller de Preparaciones Petrogr\u00e1ficas<\/span>\n\t\t\t\t\t\t\t\t\t\t\t<\/a>\n\t\t\t\t\t\t\t\t\t<\/li>\n\t\t\t\t\t\t<\/ul>\n\t\t\t\t\t\t<\/div>\n\t\t\t\t<\/div>\n\t\t\t\t<\/div>\n\t\t<div class=\"elementor-element elementor-element-17d7c62 e-con-full e-flex e-con e-parent\" data-id=\"17d7c62\" data-element_type=\"container\" data-settings=\"{&quot;background_background&quot;:&quot;classic&quot;}\">\n\t\t\t\t<\/div>\n\t\t\t\t\t<\/div>\n\t\t\t\t<\/div>\n\t\t<div class=\"elementor-element elementor-element-d308a21 e-flex e-con-boxed e-con e-parent\" data-id=\"d308a21\" data-element_type=\"container\">\n\t\t\t\t\t<div class=\"e-con-inner\">\n\t\t\t\t<div class=\"elementor-element elementor-element-a07783a elementor-widget elementor-widget-image-carousel\" data-id=\"a07783a\" data-element_type=\"widget\" data-settings=\"{&quot;slides_to_show&quot;:&quot;6&quot;,&quot;slides_to_show_mobile&quot;:&quot;2&quot;,&quot;slides_to_scroll_mobile&quot;:&quot;2&quot;,&quot;navigation&quot;:&quot;none&quot;,&quot;autoplay&quot;:&quot;yes&quot;,&quot;pause_on_hover&quot;:&quot;yes&quot;,&quot;pause_on_interaction&quot;:&quot;yes&quot;,&quot;autoplay_speed&quot;:5000,&quot;infinite&quot;:&quot;yes&quot;,&quot;speed&quot;:500}\" data-widget_type=\"image-carousel.default\">\n\t\t\t\t<div class=\"elementor-widget-container\">\n\t\t\t\t\t\t\t<div class=\"elementor-image-carousel-wrapper swiper\" role=\"region\" aria-roledescription=\"carousel\" aria-label=\"Carrusel de im\u00e1genes\" dir=\"ltr\">\n\t\t\t<div class=\"elementor-image-carousel swiper-wrapper\" aria-live=\"off\">\n\t\t\t\t\t\t\t\t<div class=\"swiper-slide\" role=\"group\" aria-roledescription=\"slide\" aria-label=\"1 de 22\"><figure class=\"swiper-slide-inner\"><img decoding=\"async\" class=\"swiper-slide-image\" src=\"https:\/\/geocronos.cl\/wp-content\/uploads\/2020\/08\/srk.png\" alt=\"srk\" \/><\/figure><\/div><div class=\"swiper-slide\" role=\"group\" aria-roledescription=\"slide\" aria-label=\"2 de 22\"><figure class=\"swiper-slide-inner\"><img decoding=\"async\" class=\"swiper-slide-image\" src=\"https:\/\/geocronos.cl\/wp-content\/uploads\/2020\/08\/qpx.png\" alt=\"qpx\" \/><\/figure><\/div><div class=\"swiper-slide\" role=\"group\" aria-roledescription=\"slide\" aria-label=\"3 de 22\"><figure class=\"swiper-slide-inner\"><img decoding=\"async\" class=\"swiper-slide-image\" src=\"https:\/\/geocronos.cl\/wp-content\/uploads\/2020\/08\/enami.png\" alt=\"enami\" \/><\/figure><\/div><div class=\"swiper-slide\" role=\"group\" aria-roledescription=\"slide\" aria-label=\"4 de 22\"><figure class=\"swiper-slide-inner\"><img decoding=\"async\" class=\"swiper-slide-image\" src=\"https:\/\/geocronos.cl\/wp-content\/uploads\/2020\/08\/dominga.png\" alt=\"dominga\" \/><\/figure><\/div><div class=\"swiper-slide\" role=\"group\" aria-roledescription=\"slide\" aria-label=\"5 de 22\"><figure class=\"swiper-slide-inner\"><img decoding=\"async\" class=\"swiper-slide-image\" src=\"https:\/\/geocronos.cl\/wp-content\/uploads\/2020\/08\/central.png\" alt=\"central\" \/><\/figure><\/div><div class=\"swiper-slide\" role=\"group\" aria-roledescription=\"slide\" aria-label=\"6 de 22\"><figure class=\"swiper-slide-inner\"><img decoding=\"async\" class=\"swiper-slide-image\" src=\"https:\/\/geocronos.cl\/wp-content\/uploads\/2020\/08\/aurum.png\" alt=\"aurum\" \/><\/figure><\/div><div class=\"swiper-slide\" role=\"group\" aria-roledescription=\"slide\" aria-label=\"7 de 22\"><figure class=\"swiper-slide-inner\"><img decoding=\"async\" class=\"swiper-slide-image\" src=\"https:\/\/geocronos.cl\/wp-content\/uploads\/2020\/08\/vale.png\" alt=\"vale\" \/><\/figure><\/div><div class=\"swiper-slide\" role=\"group\" aria-roledescription=\"slide\" aria-label=\"8 de 22\"><figure class=\"swiper-slide-inner\"><img decoding=\"async\" class=\"swiper-slide-image\" src=\"https:\/\/geocronos.cl\/wp-content\/uploads\/2020\/08\/teck.png\" alt=\"teck\" \/><\/figure><\/div><div class=\"swiper-slide\" role=\"group\" aria-roledescription=\"slide\" aria-label=\"9 de 22\"><figure class=\"swiper-slide-inner\"><img decoding=\"async\" class=\"swiper-slide-image\" src=\"https:\/\/geocronos.cl\/wp-content\/uploads\/2020\/08\/sumi.png\" alt=\"sumi\" \/><\/figure><\/div><div class=\"swiper-slide\" role=\"group\" aria-roledescription=\"slide\" aria-label=\"10 de 22\"><figure class=\"swiper-slide-inner\"><img decoding=\"async\" class=\"swiper-slide-image\" src=\"https:\/\/geocronos.cl\/wp-content\/uploads\/2020\/08\/panpacific.png\" alt=\"panpacific\" \/><\/figure><\/div><div class=\"swiper-slide\" role=\"group\" aria-roledescription=\"slide\" aria-label=\"11 de 22\"><figure class=\"swiper-slide-inner\"><img decoding=\"async\" class=\"swiper-slide-image\" src=\"https:\/\/geocronos.cl\/wp-content\/uploads\/2020\/08\/nuevaunion.png\" alt=\"nuevaunion\" \/><\/figure><\/div><div class=\"swiper-slide\" role=\"group\" aria-roledescription=\"slide\" aria-label=\"12 de 22\"><figure class=\"swiper-slide-inner\"><img decoding=\"async\" class=\"swiper-slide-image\" src=\"https:\/\/geocronos.cl\/wp-content\/uploads\/2020\/08\/norteabierto.png\" alt=\"norteabierto\" \/><\/figure><\/div><div class=\"swiper-slide\" role=\"group\" aria-roledescription=\"slide\" aria-label=\"13 de 22\"><figure class=\"swiper-slide-inner\"><img decoding=\"async\" class=\"swiper-slide-image\" src=\"https:\/\/geocronos.cl\/wp-content\/uploads\/2020\/08\/lundin.png\" alt=\"lundin\" \/><\/figure><\/div><div class=\"swiper-slide\" role=\"group\" aria-roledescription=\"slide\" aria-label=\"14 de 22\"><figure class=\"swiper-slide-inner\"><img decoding=\"async\" class=\"swiper-slide-image\" src=\"https:\/\/geocronos.cl\/wp-content\/uploads\/2020\/08\/kinross.png\" alt=\"kinross\" \/><\/figure><\/div><div class=\"swiper-slide\" role=\"group\" aria-roledescription=\"slide\" aria-label=\"15 de 22\"><figure class=\"swiper-slide-inner\"><img decoding=\"async\" class=\"swiper-slide-image\" src=\"https:\/\/geocronos.cl\/wp-content\/uploads\/2020\/08\/kghm.png\" alt=\"kghm\" \/><\/figure><\/div><div class=\"swiper-slide\" role=\"group\" aria-roledescription=\"slide\" aria-label=\"16 de 22\"><figure class=\"swiper-slide-inner\"><img decoding=\"async\" class=\"swiper-slide-image\" src=\"https:\/\/geocronos.cl\/wp-content\/uploads\/2020\/08\/fresnillo.png\" alt=\"fresnillo\" \/><\/figure><\/div><div class=\"swiper-slide\" role=\"group\" aria-roledescription=\"slide\" aria-label=\"17 de 22\"><figure class=\"swiper-slide-inner\"><img decoding=\"async\" class=\"swiper-slide-image\" src=\"https:\/\/geocronos.cl\/wp-content\/uploads\/2020\/08\/emcodelco.png\" alt=\"emcodelco\" \/><\/figure><\/div><div class=\"swiper-slide\" role=\"group\" aria-roledescription=\"slide\" aria-label=\"18 de 22\"><figure class=\"swiper-slide-inner\"><img decoding=\"async\" class=\"swiper-slide-image\" src=\"https:\/\/geocronos.cl\/wp-content\/uploads\/2020\/08\/cap.png\" alt=\"cap\" \/><\/figure><\/div><div class=\"swiper-slide\" role=\"group\" aria-roledescription=\"slide\" aria-label=\"19 de 22\"><figure class=\"swiper-slide-inner\"><img decoding=\"async\" class=\"swiper-slide-image\" src=\"https:\/\/geocronos.cl\/wp-content\/uploads\/2020\/08\/bhp.png\" alt=\"bhp\" \/><\/figure><\/div><div class=\"swiper-slide\" role=\"group\" aria-roledescription=\"slide\" aria-label=\"20 de 22\"><figure class=\"swiper-slide-inner\"><img decoding=\"async\" class=\"swiper-slide-image\" src=\"https:\/\/geocronos.cl\/wp-content\/uploads\/2020\/08\/barrick.png\" alt=\"barrick\" \/><\/figure><\/div><div class=\"swiper-slide\" role=\"group\" aria-roledescription=\"slide\" aria-label=\"21 de 22\"><figure class=\"swiper-slide-inner\"><img decoding=\"async\" class=\"swiper-slide-image\" src=\"https:\/\/geocronos.cl\/wp-content\/uploads\/2020\/08\/antofagasta.png\" alt=\"antofagasta\" \/><\/figure><\/div><div class=\"swiper-slide\" role=\"group\" aria-roledescription=\"slide\" aria-label=\"22 de 22\"><figure class=\"swiper-slide-inner\"><img decoding=\"async\" class=\"swiper-slide-image\" src=\"https:\/\/geocronos.cl\/wp-content\/uploads\/2020\/08\/angloamerica.png\" alt=\"angloamerica\" \/><\/figure><\/div>\t\t\t<\/div>\n\t\t\t\t\t\t\t\n\t\t\t\t\t\t\t\t\t<\/div>\n\t\t\t\t\t\t<\/div>\n\t\t\t\t<\/div>\n\t\t\t\t\t<\/div>\n\t\t\t\t<\/div>\n\t\t\t\t<\/div>\n\t\t","protected":false},"excerpt":{"rendered":"<p>Geocronos: Servicios, Asesor\u00edas y Consultorias Geol\u00f3gicas Nuestro sello es la atenci\u00f3n personalizada a nuestros clientes de manera tal de satisfacer a cabalidad sus requerimientos en t\u00e9rminos de costos y tiempos de respuestas. Conozca nuestros servicios seleccionando alguno a continuaci\u00f3n. EXPLORACI\u00d3N MINERA Levantamiento Geol\u00f3gico Petrograf\u00eda y Calcograf\u00eda Mineralog\u00eda Aplicada Geometalurgia Outsourcing Taller de Preparaciones Petrogr\u00e1ficas<\/p>\n","protected":false},"author":1,"featured_media":0,"parent":0,"menu_order":0,"comment_status":"closed","ping_status":"closed","template":"","meta":{"footnotes":""},"yoast_head":"<!-- This site is optimized with the Yoast SEO plugin v23.5 - https:\/\/yoast.com\/wordpress\/plugins\/seo\/ -->\n<title>Servicios - Geocronos<\/title>\n<meta name=\"robots\" content=\"index, follow, max-snippet:-1, max-image-preview:large, max-video-preview:-1\" \/>\n<link rel=\"canonical\" href=\"https:\/\/geocronos.cl\/index.php\/servicios\/\" \/>\n<meta property=\"og:locale\" content=\"es_ES\" \/>\n<meta property=\"og:type\" content=\"article\" \/>\n<meta property=\"og:title\" content=\"Servicios - Geocronos\" \/>\n<meta property=\"og:description\" content=\"Geocronos: Servicios, Asesor\u00edas y Consultorias Geol\u00f3gicas Nuestro sello es la atenci\u00f3n personalizada a nuestros clientes de manera tal de satisfacer a cabalidad sus requerimientos en t\u00e9rminos de costos y tiempos de respuestas. Conozca nuestros servicios seleccionando alguno a continuaci\u00f3n. EXPLORACI\u00d3N MINERA Levantamiento Geol\u00f3gico Petrograf\u00eda y Calcograf\u00eda Mineralog\u00eda Aplicada Geometalurgia Outsourcing Taller de Preparaciones Petrogr\u00e1ficas\" \/>\n<meta property=\"og:url\" content=\"https:\/\/geocronos.cl\/index.php\/servicios\/\" \/>\n<meta property=\"og:site_name\" content=\"Geocronos\" \/>\n<meta property=\"article:modified_time\" content=\"2023-05-29T23:49:08+00:00\" \/>\n<meta property=\"og:image\" content=\"https:\/\/geocronos.cl\/wp-content\/uploads\/2020\/08\/iso.png\" \/>\n<meta name=\"twitter:card\" content=\"summary_large_image\" \/>\n<meta name=\"twitter:label1\" content=\"Tiempo estimado de lectura\" \/>\n\t<meta name=\"twitter:data1\" content=\"8 minutos\" \/>\n<script type=\"application\/ld+json\" class=\"yoast-schema-graph\">{\"@context\":\"https:\/\/schema.org\",\"@graph\":[{\"@type\":\"WebPage\",\"@id\":\"https:\/\/geocronos.cl\/index.php\/servicios\/\",\"url\":\"https:\/\/geocronos.cl\/index.php\/servicios\/\",\"name\":\"Servicios - Geocronos\",\"isPartOf\":{\"@id\":\"https:\/\/geocronos.cl\/#website\"},\"primaryImageOfPage\":{\"@id\":\"https:\/\/geocronos.cl\/index.php\/servicios\/#primaryimage\"},\"image\":{\"@id\":\"https:\/\/geocronos.cl\/index.php\/servicios\/#primaryimage\"},\"thumbnailUrl\":\"https:\/\/geocronos.cl\/wp-content\/uploads\/2020\/08\/iso.png\",\"datePublished\":\"2017-10-28T13:46:48+00:00\",\"dateModified\":\"2023-05-29T23:49:08+00:00\",\"breadcrumb\":{\"@id\":\"https:\/\/geocronos.cl\/index.php\/servicios\/#breadcrumb\"},\"inLanguage\":\"es-CL\",\"potentialAction\":[{\"@type\":\"ReadAction\",\"target\":[\"https:\/\/geocronos.cl\/index.php\/servicios\/\"]}]},{\"@type\":\"ImageObject\",\"inLanguage\":\"es-CL\",\"@id\":\"https:\/\/geocronos.cl\/index.php\/servicios\/#primaryimage\",\"url\":\"https:\/\/geocronos.cl\/wp-content\/uploads\/2020\/08\/iso.png\",\"contentUrl\":\"https:\/\/geocronos.cl\/wp-content\/uploads\/2020\/08\/iso.png\",\"width\":189,\"height\":192},{\"@type\":\"BreadcrumbList\",\"@id\":\"https:\/\/geocronos.cl\/index.php\/servicios\/#breadcrumb\",\"itemListElement\":[{\"@type\":\"ListItem\",\"position\":1,\"name\":\"Portada\",\"item\":\"https:\/\/geocronos.cl\/\"},{\"@type\":\"ListItem\",\"position\":2,\"name\":\"Servicios\"}]},{\"@type\":\"WebSite\",\"@id\":\"https:\/\/geocronos.cl\/#website\",\"url\":\"https:\/\/geocronos.cl\/\",\"name\":\"Geocronos\",\"description\":\"Servicios Geol\u00f3gicos\",\"potentialAction\":[{\"@type\":\"SearchAction\",\"target\":{\"@type\":\"EntryPoint\",\"urlTemplate\":\"https:\/\/geocronos.cl\/?s={search_term_string}\"},\"query-input\":{\"@type\":\"PropertyValueSpecification\",\"valueRequired\":true,\"valueName\":\"search_term_string\"}}],\"inLanguage\":\"es-CL\"}]}<\/script>\n<!-- \/ Yoast SEO plugin. -->","yoast_head_json":{"title":"Servicios - Geocronos","robots":{"index":"index","follow":"follow","max-snippet":"max-snippet:-1","max-image-preview":"max-image-preview:large","max-video-preview":"max-video-preview:-1"},"canonical":"https:\/\/geocronos.cl\/index.php\/servicios\/","og_locale":"es_ES","og_type":"article","og_title":"Servicios - Geocronos","og_description":"Geocronos: Servicios, Asesor\u00edas y Consultorias Geol\u00f3gicas Nuestro sello es la atenci\u00f3n personalizada a nuestros clientes de manera tal de satisfacer a cabalidad sus requerimientos en t\u00e9rminos de costos y tiempos de respuestas. Conozca nuestros servicios seleccionando alguno a continuaci\u00f3n. EXPLORACI\u00d3N MINERA Levantamiento Geol\u00f3gico Petrograf\u00eda y Calcograf\u00eda Mineralog\u00eda Aplicada Geometalurgia Outsourcing Taller de Preparaciones Petrogr\u00e1ficas","og_url":"https:\/\/geocronos.cl\/index.php\/servicios\/","og_site_name":"Geocronos","article_modified_time":"2023-05-29T23:49:08+00:00","og_image":[{"url":"https:\/\/geocronos.cl\/wp-content\/uploads\/2020\/08\/iso.png"}],"twitter_card":"summary_large_image","twitter_misc":{"Tiempo estimado de lectura":"8 minutos"},"schema":{"@context":"https:\/\/schema.org","@graph":[{"@type":"WebPage","@id":"https:\/\/geocronos.cl\/index.php\/servicios\/","url":"https:\/\/geocronos.cl\/index.php\/servicios\/","name":"Servicios - Geocronos","isPartOf":{"@id":"https:\/\/geocronos.cl\/#website"},"primaryImageOfPage":{"@id":"https:\/\/geocronos.cl\/index.php\/servicios\/#primaryimage"},"image":{"@id":"https:\/\/geocronos.cl\/index.php\/servicios\/#primaryimage"},"thumbnailUrl":"https:\/\/geocronos.cl\/wp-content\/uploads\/2020\/08\/iso.png","datePublished":"2017-10-28T13:46:48+00:00","dateModified":"2023-05-29T23:49:08+00:00","breadcrumb":{"@id":"https:\/\/geocronos.cl\/index.php\/servicios\/#breadcrumb"},"inLanguage":"es-CL","potentialAction":[{"@type":"ReadAction","target":["https:\/\/geocronos.cl\/index.php\/servicios\/"]}]},{"@type":"ImageObject","inLanguage":"es-CL","@id":"https:\/\/geocronos.cl\/index.php\/servicios\/#primaryimage","url":"https:\/\/geocronos.cl\/wp-content\/uploads\/2020\/08\/iso.png","contentUrl":"https:\/\/geocronos.cl\/wp-content\/uploads\/2020\/08\/iso.png","width":189,"height":192},{"@type":"BreadcrumbList","@id":"https:\/\/geocronos.cl\/index.php\/servicios\/#breadcrumb","itemListElement":[{"@type":"ListItem","position":1,"name":"Portada","item":"https:\/\/geocronos.cl\/"},{"@type":"ListItem","position":2,"name":"Servicios"}]},{"@type":"WebSite","@id":"https:\/\/geocronos.cl\/#website","url":"https:\/\/geocronos.cl\/","name":"Geocronos","description":"Servicios Geol\u00f3gicos","potentialAction":[{"@type":"SearchAction","target":{"@type":"EntryPoint","urlTemplate":"https:\/\/geocronos.cl\/?s={search_term_string}"},"query-input":{"@type":"PropertyValueSpecification","valueRequired":true,"valueName":"search_term_string"}}],"inLanguage":"es-CL"}]}},"_links":{"self":[{"href":"https:\/\/geocronos.cl\/index.php\/wp-json\/wp\/v2\/pages\/104"}],"collection":[{"href":"https:\/\/geocronos.cl\/index.php\/wp-json\/wp\/v2\/pages"}],"about":[{"href":"https:\/\/geocronos.cl\/index.php\/wp-json\/wp\/v2\/types\/page"}],"author":[{"embeddable":true,"href":"https:\/\/geocronos.cl\/index.php\/wp-json\/wp\/v2\/users\/1"}],"replies":[{"embeddable":true,"href":"https:\/\/geocronos.cl\/index.php\/wp-json\/wp\/v2\/comments?post=104"}],"version-history":[{"count":62,"href":"https:\/\/geocronos.cl\/index.php\/wp-json\/wp\/v2\/pages\/104\/revisions"}],"predecessor-version":[{"id":1976,"href":"https:\/\/geocronos.cl\/index.php\/wp-json\/wp\/v2\/pages\/104\/revisions\/1976"}],"wp:attachment":[{"href":"https:\/\/geocronos.cl\/index.php\/wp-json\/wp\/v2\/media?parent=104"}],"curies":[{"name":"wp","href":"https:\/\/api.w.org\/{rel}","templated":true}]}}