{"id":688,"date":"2020-08-05T18:46:16","date_gmt":"2020-08-05T22:46:16","guid":{"rendered":"https:\/\/geocronos.cl\/?page_id=688"},"modified":"2023-05-29T19:57:41","modified_gmt":"2023-05-29T23:57:41","slug":"levantamiento-geologico","status":"publish","type":"page","link":"https:\/\/geocronos.cl\/index.php\/levantamiento-geologico\/","title":{"rendered":"Levantamiento Geol\u00f3gico"},"content":{"rendered":"\t\t<div data-elementor-type=\"wp-page\" data-elementor-id=\"688\" class=\"elementor elementor-688\" data-elementor-post-type=\"page\">\n\t\t\t\t<div class=\"elementor-element elementor-element-5dd434af e-con-full e-flex e-con e-parent\" data-id=\"5dd434af\" data-element_type=\"container\">\n\t\t<div class=\"elementor-element elementor-element-258f2d17 e-con-full e-flex e-con e-parent\" data-id=\"258f2d17\" data-element_type=\"container\" data-settings=\"{&quot;background_background&quot;:&quot;classic&quot;}\">\n\t\t\t\t<div class=\"elementor-element elementor-element-2209f007 elementor-widget elementor-widget-heading\" data-id=\"2209f007\" data-element_type=\"widget\" data-widget_type=\"heading.default\">\n\t\t\t\t<div class=\"elementor-widget-container\">\n\t\t\t\t\t<h2 class=\"elementor-heading-title elementor-size-default\">Levantamiento\nGeol\u00f3gico<\/h2>\t\t\t\t<\/div>\n\t\t\t\t<\/div>\n\t\t\t\t<div class=\"elementor-element elementor-element-35a388a7 elementor-widget elementor-widget-text-editor\" data-id=\"35a388a7\" data-element_type=\"widget\" data-widget_type=\"text-editor.default\">\n\t\t\t\t<div class=\"elementor-widget-container\">\n\t\t\t\t\t\t\t\t\tNos especializamos en levantamiento geol\u00f3gico de superficie y la generaci\u00f3n de mapas geol\u00f3gicos a escala regional (1:100.000 \/ 1:50.000), distrital (1:25.000 \/ 1:10.000) y local (1:5.000 \/ 1:2.000).\t\t\t\t\t\t\t\t<\/div>\n\t\t\t\t<\/div>\n\t\t\t\t<\/div>\n\t\t<div class=\"elementor-element elementor-element-2c86c97d e-con-full e-flex e-con e-parent\" data-id=\"2c86c97d\" data-element_type=\"container\" data-settings=\"{&quot;background_background&quot;:&quot;classic&quot;}\">\n\t\t\t\t<\/div>\n\t\t\t\t<\/div>\n\t\t<div class=\"elementor-element elementor-element-3e6f23da e-flex e-con-boxed e-con e-parent\" data-id=\"3e6f23da\" data-element_type=\"container\">\n\t\t\t\t\t<div class=\"e-con-inner\">\n\t\t<div class=\"elementor-element elementor-element-4b117c75 e-con-full e-flex e-con e-parent\" data-id=\"4b117c75\" data-element_type=\"container\">\n\t\t\t\t<div class=\"elementor-element elementor-element-564d347 elementor-widget elementor-widget-image-carousel\" data-id=\"564d347\" data-element_type=\"widget\" data-settings=\"{&quot;slides_to_show&quot;:&quot;1&quot;,&quot;navigation&quot;:&quot;none&quot;,&quot;autoplay&quot;:&quot;yes&quot;,&quot;pause_on_hover&quot;:&quot;yes&quot;,&quot;pause_on_interaction&quot;:&quot;yes&quot;,&quot;autoplay_speed&quot;:5000,&quot;infinite&quot;:&quot;yes&quot;,&quot;effect&quot;:&quot;slide&quot;,&quot;speed&quot;:500}\" data-widget_type=\"image-carousel.default\">\n\t\t\t\t<div class=\"elementor-widget-container\">\n\t\t\t\t\t\t\t<div class=\"elementor-image-carousel-wrapper swiper\" role=\"region\" aria-roledescription=\"carousel\" aria-label=\"Carrusel de im\u00e1genes\" dir=\"ltr\">\n\t\t\t<div class=\"elementor-image-carousel swiper-wrapper\" aria-live=\"off\">\n\t\t\t\t\t\t\t\t<div class=\"swiper-slide\" role=\"group\" aria-roledescription=\"slide\" aria-label=\"1 de 3\"><figure class=\"swiper-slide-inner\"><img decoding=\"async\" class=\"swiper-slide-image\" src=\"https:\/\/geocronos.cl\/wp-content\/uploads\/2020\/08\/levantamiento-3.jpg\" alt=\"levantamiento-3\" \/><\/figure><\/div><div class=\"swiper-slide\" role=\"group\" aria-roledescription=\"slide\" aria-label=\"2 de 3\"><figure class=\"swiper-slide-inner\"><img decoding=\"async\" class=\"swiper-slide-image\" src=\"https:\/\/geocronos.cl\/wp-content\/uploads\/2020\/08\/levantamiento-4.jpg\" alt=\"levantamiento-4\" \/><\/figure><\/div><div class=\"swiper-slide\" role=\"group\" aria-roledescription=\"slide\" aria-label=\"3 de 3\"><figure class=\"swiper-slide-inner\"><img decoding=\"async\" class=\"swiper-slide-image\" src=\"https:\/\/geocronos.cl\/wp-content\/uploads\/2020\/08\/exploracion-6.jpg\" alt=\"exploracion-6\" \/><\/figure><\/div>\t\t\t<\/div>\n\t\t\t\t\t\t\t\n\t\t\t\t\t\t\t\t\t<\/div>\n\t\t\t\t\t\t<\/div>\n\t\t\t\t<\/div>\n\t\t\t\t<\/div>\n\t\t<div class=\"elementor-element elementor-element-38f4ca12 e-con-full e-flex e-con e-parent\" data-id=\"38f4ca12\" data-element_type=\"container\">\n\t\t\t\t<div class=\"elementor-element elementor-element-13eb26d1 elementor-widget elementor-widget-heading\" data-id=\"13eb26d1\" data-element_type=\"widget\" data-widget_type=\"heading.default\">\n\t\t\t\t<div class=\"elementor-widget-container\">\n\t\t\t\t\t<h2 class=\"elementor-heading-title elementor-size-default\">Levantamiento Geol\u00f3gico de Superficie<\/h2>\t\t\t\t<\/div>\n\t\t\t\t<\/div>\n\t\t\t\t<div class=\"elementor-element elementor-element-3877355f elementor-widget elementor-widget-text-editor\" data-id=\"3877355f\" data-element_type=\"widget\" data-widget_type=\"text-editor.default\">\n\t\t\t\t<div class=\"elementor-widget-container\">\n\t\t\t\t\t\t\t\t\tLevantamos la informaci\u00f3n geol\u00f3gica in situ y apoyamos el trabajo de exploraci\u00f3n geol\u00f3gica y la toma de decisi\u00f3n sobre un proyecto en particular. Para esto se cuenta con profesionales altamente calificados y un soporte t\u00e9cnico y anal\u00edtico que permiten entregar una informaci\u00f3n detallada y confiable.\t\t\t\t\t\t\t\t<\/div>\n\t\t\t\t<\/div>\n\t\t\t\t<\/div>\n\t\t<div class=\"elementor-element elementor-element-9a83888 e-con-full e-flex e-con e-parent\" data-id=\"9a83888\" data-element_type=\"container\">\n\t\t\t\t<div class=\"elementor-element elementor-element-56b5d84 elementor-widget elementor-widget-image\" data-id=\"56b5d84\" data-element_type=\"widget\" data-widget_type=\"image.default\">\n\t\t\t\t<div class=\"elementor-widget-container\">\n\t\t\t\t\t\t\t\t\t\t\t\t\t\t\t<img fetchpriority=\"high\" decoding=\"async\" width=\"593\" height=\"768\" src=\"https:\/\/geocronos.cl\/wp-content\/uploads\/2020\/08\/levantamiento-5.jpg\" class=\"attachment-large size-large wp-image-826\" alt=\"\" srcset=\"https:\/\/geocronos.cl\/wp-content\/uploads\/2020\/08\/levantamiento-5.jpg 593w, https:\/\/geocronos.cl\/wp-content\/uploads\/2020\/08\/levantamiento-5-232x300.jpg 232w\" sizes=\"(max-width: 593px) 100vw, 593px\" \/>\t\t\t\t\t\t\t\t\t\t\t\t\t\t\t<\/div>\n\t\t\t\t<\/div>\n\t\t\t\t<\/div>\n\t\t\t\t\t<\/div>\n\t\t\t\t<\/div>\n\t\t<div class=\"elementor-element elementor-element-3db40afa e-flex e-con-boxed e-con e-parent\" data-id=\"3db40afa\" data-element_type=\"container\" data-settings=\"{&quot;background_background&quot;:&quot;classic&quot;}\">\n\t\t\t\t\t<div class=\"e-con-inner\">\n\t\t<div class=\"elementor-element elementor-element-579ed963 e-con-full e-flex e-con e-parent\" data-id=\"579ed963\" data-element_type=\"container\">\n\t\t\t\t<div class=\"elementor-element elementor-element-792fab03 elementor-widget elementor-widget-heading\" data-id=\"792fab03\" data-element_type=\"widget\" data-widget_type=\"heading.default\">\n\t\t\t\t<div class=\"elementor-widget-container\">\n\t\t\t\t\t<h2 class=\"elementor-heading-title elementor-size-default\">Somos la soluci\u00f3n\na sus requerimientos geol\u00f3gicos<\/h2>\t\t\t\t<\/div>\n\t\t\t\t<\/div>\n\t\t\t\t<\/div>\n\t\t<div class=\"elementor-element elementor-element-39a269fc e-con-full e-flex e-con e-parent\" data-id=\"39a269fc\" data-element_type=\"container\" data-settings=\"{&quot;background_background&quot;:&quot;classic&quot;}\">\n\t\t\t\t<div class=\"elementor-element elementor-element-2a87cbf3 elementor-widget elementor-widget-heading\" data-id=\"2a87cbf3\" data-element_type=\"widget\" data-widget_type=\"heading.default\">\n\t\t\t\t<div class=\"elementor-widget-container\">\n\t\t\t\t\t<h5 class=\"elementor-heading-title elementor-size-default\">Solicite Servicios de Levantamiento Geol\u00f3gico<\/h5>\t\t\t\t<\/div>\n\t\t\t\t<\/div>\n\t\t\t\t<div class=\"elementor-element elementor-element-679fa483 elementor-widget elementor-widget-text-editor\" data-id=\"679fa483\" data-element_type=\"widget\" data-widget_type=\"text-editor.default\">\n\t\t\t\t<div class=\"elementor-widget-container\">\n\t\t\t\t\t\t\t\t\tLe entregaremos una atenci\u00f3n personalizada y lo ayudaremos a buscar la mejor soluci\u00f3n a sus requerimientos.\t\t\t\t\t\t\t\t<\/div>\n\t\t\t\t<\/div>\n\t\t\t\t<div class=\"elementor-element elementor-element-25e98d17 elementor-widget elementor-widget-button\" data-id=\"25e98d17\" data-element_type=\"widget\" data-widget_type=\"button.default\">\n\t\t\t\t<div class=\"elementor-widget-container\">\n\t\t\t\t\t\t\t\t\t<div class=\"elementor-button-wrapper\">\n\t\t\t\t\t<a class=\"elementor-button elementor-button-link elementor-size-sm\" href=\"https:\/\/geocronos.cl\/index.php\/contacto\/\">\n\t\t\t\t\t\t<span class=\"elementor-button-content-wrapper\">\n\t\t\t\t\t\t\t\t\t<span class=\"elementor-button-text\">CONT\u00c1CTENOS AC\u00c1<\/span>\n\t\t\t\t\t<\/span>\n\t\t\t\t\t<\/a>\n\t\t\t\t<\/div>\n\t\t\t\t\t\t\t\t<\/div>\n\t\t\t\t<\/div>\n\t\t\t\t<\/div>\n\t\t\t\t\t<\/div>\n\t\t\t\t<\/div>\n\t\t\t\t<\/div>\n\t\t","protected":false},"excerpt":{"rendered":"<p>Levantamiento Geol\u00f3gico Nos especializamos en levantamiento geol\u00f3gico de superficie y la generaci\u00f3n de mapas geol\u00f3gicos a escala regional (1:100.000 \/ 1:50.000), distrital (1:25.000 \/ 1:10.000) y local (1:5.000 \/ 1:2.000). Levantamiento Geol\u00f3gico de Superficie Levantamos la informaci\u00f3n geol\u00f3gica in situ y apoyamos el trabajo de exploraci\u00f3n geol\u00f3gica y la toma de decisi\u00f3n sobre un proyecto [&hellip;]<\/p>\n","protected":false},"author":1,"featured_media":0,"parent":0,"menu_order":0,"comment_status":"closed","ping_status":"closed","template":"elementor_header_footer","meta":{"footnotes":""},"yoast_head":"<!-- This site is optimized with the Yoast SEO plugin v23.5 - https:\/\/yoast.com\/wordpress\/plugins\/seo\/ -->\n<title>Levantamiento Geol\u00f3gico - Geocronos<\/title>\n<meta name=\"robots\" content=\"index, follow, max-snippet:-1, max-image-preview:large, max-video-preview:-1\" \/>\n<link rel=\"canonical\" href=\"https:\/\/geocronos.cl\/index.php\/levantamiento-geologico\/\" \/>\n<meta property=\"og:locale\" content=\"es_ES\" \/>\n<meta property=\"og:type\" content=\"article\" \/>\n<meta property=\"og:title\" content=\"Levantamiento Geol\u00f3gico - Geocronos\" \/>\n<meta property=\"og:description\" content=\"Levantamiento Geol\u00f3gico Nos especializamos en levantamiento geol\u00f3gico de superficie y la generaci\u00f3n de mapas geol\u00f3gicos a escala regional (1:100.000 \/ 1:50.000), distrital (1:25.000 \/ 1:10.000) y local (1:5.000 \/ 1:2.000). Levantamiento Geol\u00f3gico de Superficie Levantamos la informaci\u00f3n geol\u00f3gica in situ y apoyamos el trabajo de exploraci\u00f3n geol\u00f3gica y la toma de decisi\u00f3n sobre un proyecto [&hellip;]\" \/>\n<meta property=\"og:url\" content=\"https:\/\/geocronos.cl\/index.php\/levantamiento-geologico\/\" \/>\n<meta property=\"og:site_name\" content=\"Geocronos\" \/>\n<meta property=\"article:modified_time\" content=\"2023-05-29T23:57:41+00:00\" \/>\n<meta property=\"og:image\" content=\"https:\/\/geocronos.cl\/wp-content\/uploads\/2020\/08\/levantamiento-3.jpg\" \/>\n<meta name=\"twitter:card\" content=\"summary_large_image\" \/>\n<meta name=\"twitter:label1\" content=\"Tiempo estimado de lectura\" \/>\n\t<meta name=\"twitter:data1\" content=\"2 minutos\" \/>\n<script type=\"application\/ld+json\" class=\"yoast-schema-graph\">{\"@context\":\"https:\/\/schema.org\",\"@graph\":[{\"@type\":\"WebPage\",\"@id\":\"https:\/\/geocronos.cl\/index.php\/levantamiento-geologico\/\",\"url\":\"https:\/\/geocronos.cl\/index.php\/levantamiento-geologico\/\",\"name\":\"Levantamiento Geol\u00f3gico - Geocronos\",\"isPartOf\":{\"@id\":\"https:\/\/geocronos.cl\/#website\"},\"primaryImageOfPage\":{\"@id\":\"https:\/\/geocronos.cl\/index.php\/levantamiento-geologico\/#primaryimage\"},\"image\":{\"@id\":\"https:\/\/geocronos.cl\/index.php\/levantamiento-geologico\/#primaryimage\"},\"thumbnailUrl\":\"https:\/\/geocronos.cl\/wp-content\/uploads\/2020\/08\/levantamiento-3.jpg\",\"datePublished\":\"2020-08-05T22:46:16+00:00\",\"dateModified\":\"2023-05-29T23:57:41+00:00\",\"breadcrumb\":{\"@id\":\"https:\/\/geocronos.cl\/index.php\/levantamiento-geologico\/#breadcrumb\"},\"inLanguage\":\"es-CL\",\"potentialAction\":[{\"@type\":\"ReadAction\",\"target\":[\"https:\/\/geocronos.cl\/index.php\/levantamiento-geologico\/\"]}]},{\"@type\":\"ImageObject\",\"inLanguage\":\"es-CL\",\"@id\":\"https:\/\/geocronos.cl\/index.php\/levantamiento-geologico\/#primaryimage\",\"url\":\"https:\/\/geocronos.cl\/wp-content\/uploads\/2020\/08\/levantamiento-3.jpg\",\"contentUrl\":\"https:\/\/geocronos.cl\/wp-content\/uploads\/2020\/08\/levantamiento-3.jpg\",\"width\":1024,\"height\":768},{\"@type\":\"BreadcrumbList\",\"@id\":\"https:\/\/geocronos.cl\/index.php\/levantamiento-geologico\/#breadcrumb\",\"itemListElement\":[{\"@type\":\"ListItem\",\"position\":1,\"name\":\"Portada\",\"item\":\"https:\/\/geocronos.cl\/\"},{\"@type\":\"ListItem\",\"position\":2,\"name\":\"Levantamiento Geol\u00f3gico\"}]},{\"@type\":\"WebSite\",\"@id\":\"https:\/\/geocronos.cl\/#website\",\"url\":\"https:\/\/geocronos.cl\/\",\"name\":\"Geocronos\",\"description\":\"Servicios Geol\u00f3gicos\",\"potentialAction\":[{\"@type\":\"SearchAction\",\"target\":{\"@type\":\"EntryPoint\",\"urlTemplate\":\"https:\/\/geocronos.cl\/?s={search_term_string}\"},\"query-input\":{\"@type\":\"PropertyValueSpecification\",\"valueRequired\":true,\"valueName\":\"search_term_string\"}}],\"inLanguage\":\"es-CL\"}]}<\/script>\n<!-- \/ Yoast SEO plugin. -->","yoast_head_json":{"title":"Levantamiento Geol\u00f3gico - Geocronos","robots":{"index":"index","follow":"follow","max-snippet":"max-snippet:-1","max-image-preview":"max-image-preview:large","max-video-preview":"max-video-preview:-1"},"canonical":"https:\/\/geocronos.cl\/index.php\/levantamiento-geologico\/","og_locale":"es_ES","og_type":"article","og_title":"Levantamiento Geol\u00f3gico - Geocronos","og_description":"Levantamiento Geol\u00f3gico Nos especializamos en levantamiento geol\u00f3gico de superficie y la generaci\u00f3n de mapas geol\u00f3gicos a escala regional (1:100.000 \/ 1:50.000), distrital (1:25.000 \/ 1:10.000) y local (1:5.000 \/ 1:2.000). Levantamiento Geol\u00f3gico de Superficie Levantamos la informaci\u00f3n geol\u00f3gica in situ y apoyamos el trabajo de exploraci\u00f3n geol\u00f3gica y la toma de decisi\u00f3n sobre un proyecto [&hellip;]","og_url":"https:\/\/geocronos.cl\/index.php\/levantamiento-geologico\/","og_site_name":"Geocronos","article_modified_time":"2023-05-29T23:57:41+00:00","og_image":[{"url":"https:\/\/geocronos.cl\/wp-content\/uploads\/2020\/08\/levantamiento-3.jpg"}],"twitter_card":"summary_large_image","twitter_misc":{"Tiempo estimado de lectura":"2 minutos"},"schema":{"@context":"https:\/\/schema.org","@graph":[{"@type":"WebPage","@id":"https:\/\/geocronos.cl\/index.php\/levantamiento-geologico\/","url":"https:\/\/geocronos.cl\/index.php\/levantamiento-geologico\/","name":"Levantamiento Geol\u00f3gico - Geocronos","isPartOf":{"@id":"https:\/\/geocronos.cl\/#website"},"primaryImageOfPage":{"@id":"https:\/\/geocronos.cl\/index.php\/levantamiento-geologico\/#primaryimage"},"image":{"@id":"https:\/\/geocronos.cl\/index.php\/levantamiento-geologico\/#primaryimage"},"thumbnailUrl":"https:\/\/geocronos.cl\/wp-content\/uploads\/2020\/08\/levantamiento-3.jpg","datePublished":"2020-08-05T22:46:16+00:00","dateModified":"2023-05-29T23:57:41+00:00","breadcrumb":{"@id":"https:\/\/geocronos.cl\/index.php\/levantamiento-geologico\/#breadcrumb"},"inLanguage":"es-CL","potentialAction":[{"@type":"ReadAction","target":["https:\/\/geocronos.cl\/index.php\/levantamiento-geologico\/"]}]},{"@type":"ImageObject","inLanguage":"es-CL","@id":"https:\/\/geocronos.cl\/index.php\/levantamiento-geologico\/#primaryimage","url":"https:\/\/geocronos.cl\/wp-content\/uploads\/2020\/08\/levantamiento-3.jpg","contentUrl":"https:\/\/geocronos.cl\/wp-content\/uploads\/2020\/08\/levantamiento-3.jpg","width":1024,"height":768},{"@type":"BreadcrumbList","@id":"https:\/\/geocronos.cl\/index.php\/levantamiento-geologico\/#breadcrumb","itemListElement":[{"@type":"ListItem","position":1,"name":"Portada","item":"https:\/\/geocronos.cl\/"},{"@type":"ListItem","position":2,"name":"Levantamiento Geol\u00f3gico"}]},{"@type":"WebSite","@id":"https:\/\/geocronos.cl\/#website","url":"https:\/\/geocronos.cl\/","name":"Geocronos","description":"Servicios Geol\u00f3gicos","potentialAction":[{"@type":"SearchAction","target":{"@type":"EntryPoint","urlTemplate":"https:\/\/geocronos.cl\/?s={search_term_string}"},"query-input":{"@type":"PropertyValueSpecification","valueRequired":true,"valueName":"search_term_string"}}],"inLanguage":"es-CL"}]}},"_links":{"self":[{"href":"https:\/\/geocronos.cl\/index.php\/wp-json\/wp\/v2\/pages\/688"}],"collection":[{"href":"https:\/\/geocronos.cl\/index.php\/wp-json\/wp\/v2\/pages"}],"about":[{"href":"https:\/\/geocronos.cl\/index.php\/wp-json\/wp\/v2\/types\/page"}],"author":[{"embeddable":true,"href":"https:\/\/geocronos.cl\/index.php\/wp-json\/wp\/v2\/users\/1"}],"replies":[{"embeddable":true,"href":"https:\/\/geocronos.cl\/index.php\/wp-json\/wp\/v2\/comments?post=688"}],"version-history":[{"count":34,"href":"https:\/\/geocronos.cl\/index.php\/wp-json\/wp\/v2\/pages\/688\/revisions"}],"predecessor-version":[{"id":1983,"href":"https:\/\/geocronos.cl\/index.php\/wp-json\/wp\/v2\/pages\/688\/revisions\/1983"}],"wp:attachment":[{"href":"https:\/\/geocronos.cl\/index.php\/wp-json\/wp\/v2\/media?parent=688"}],"curies":[{"name":"wp","href":"https:\/\/api.w.org\/{rel}","templated":true}]}}