{"id":698,"date":"2020-08-05T19:01:39","date_gmt":"2020-08-05T23:01:39","guid":{"rendered":"https:\/\/geocronos.cl\/?page_id=698"},"modified":"2023-05-29T19:58:04","modified_gmt":"2023-05-29T23:58:04","slug":"petrografia-y-calcografia","status":"publish","type":"page","link":"https:\/\/geocronos.cl\/index.php\/petrografia-y-calcografia\/","title":{"rendered":"Petrograf\u00eda y Calcograf\u00eda"},"content":{"rendered":"\t\t<div data-elementor-type=\"wp-page\" data-elementor-id=\"698\" class=\"elementor elementor-698\" data-elementor-post-type=\"page\">\n\t\t\t\t<div class=\"elementor-element elementor-element-63d85320 e-con-full e-flex e-con e-parent\" data-id=\"63d85320\" data-element_type=\"container\">\n\t\t<div class=\"elementor-element elementor-element-6682287c e-con-full e-flex e-con e-parent\" data-id=\"6682287c\" data-element_type=\"container\" data-settings=\"{&quot;background_background&quot;:&quot;classic&quot;}\">\n\t\t\t\t<div class=\"elementor-element elementor-element-5f5fbabe elementor-widget elementor-widget-heading\" data-id=\"5f5fbabe\" data-element_type=\"widget\" data-widget_type=\"heading.default\">\n\t\t\t\t<div class=\"elementor-widget-container\">\n\t\t\t\t\t<h2 class=\"elementor-heading-title elementor-size-default\">Petrograf\u00eda y\nCalcograf\u00eda<\/h2>\t\t\t\t<\/div>\n\t\t\t\t<\/div>\n\t\t\t\t<div class=\"elementor-element elementor-element-12646844 elementor-widget elementor-widget-text-editor\" data-id=\"12646844\" data-element_type=\"widget\" data-widget_type=\"text-editor.default\">\n\t\t\t\t<div class=\"elementor-widget-container\">\n\t\t\t\t\t\t\t\t\tEstudio de rocas, minerales de alteraci\u00f3n y met\u00e1licos; sus texturas, formas de ocurrencia y abundancia relativa.\t\t\t\t\t\t\t\t<\/div>\n\t\t\t\t<\/div>\n\t\t\t\t<\/div>\n\t\t<div class=\"elementor-element elementor-element-2d66a3cc e-con-full e-flex e-con e-parent\" data-id=\"2d66a3cc\" data-element_type=\"container\" data-settings=\"{&quot;background_background&quot;:&quot;classic&quot;}\">\n\t\t\t\t<\/div>\n\t\t\t\t<\/div>\n\t\t<div class=\"elementor-element elementor-element-48925084 e-flex e-con-boxed e-con e-parent\" data-id=\"48925084\" data-element_type=\"container\">\n\t\t\t\t\t<div class=\"e-con-inner\">\n\t\t<div class=\"elementor-element elementor-element-53572603 e-con-full e-flex e-con e-parent\" data-id=\"53572603\" data-element_type=\"container\">\n\t\t\t\t<div class=\"elementor-element elementor-element-e96ab55 elementor-widget elementor-widget-image\" data-id=\"e96ab55\" data-element_type=\"widget\" data-widget_type=\"image.default\">\n\t\t\t\t<div class=\"elementor-widget-container\">\n\t\t\t\t\t\t\t\t\t\t\t\t\t\t\t<img fetchpriority=\"high\" decoding=\"async\" width=\"800\" height=\"600\" src=\"https:\/\/geocronos.cl\/wp-content\/uploads\/2020\/08\/pc050004.jpg\" class=\"attachment-large size-large wp-image-607\" alt=\"\" srcset=\"https:\/\/geocronos.cl\/wp-content\/uploads\/2020\/08\/pc050004.jpg 900w, https:\/\/geocronos.cl\/wp-content\/uploads\/2020\/08\/pc050004-300x225.jpg 300w, https:\/\/geocronos.cl\/wp-content\/uploads\/2020\/08\/pc050004-768x576.jpg 768w, https:\/\/geocronos.cl\/wp-content\/uploads\/2020\/08\/pc050004-560x420.jpg 560w\" sizes=\"(max-width: 800px) 100vw, 800px\" \/>\t\t\t\t\t\t\t\t\t\t\t\t\t\t\t<\/div>\n\t\t\t\t<\/div>\n\t\t\t\t<\/div>\n\t\t<div class=\"elementor-element elementor-element-2ce46170 e-con-full e-flex e-con e-parent\" data-id=\"2ce46170\" data-element_type=\"container\">\n\t\t\t\t<div class=\"elementor-element elementor-element-7da45d0a elementor-widget elementor-widget-heading\" data-id=\"7da45d0a\" data-element_type=\"widget\" data-widget_type=\"heading.default\">\n\t\t\t\t<div class=\"elementor-widget-container\">\n\t\t\t\t\t<h2 class=\"elementor-heading-title elementor-size-default\">Petrograf\u00eda<\/h2>\t\t\t\t<\/div>\n\t\t\t\t<\/div>\n\t\t\t\t<div class=\"elementor-element elementor-element-739ccd73 elementor-widget elementor-widget-text-editor\" data-id=\"739ccd73\" data-element_type=\"widget\" data-widget_type=\"text-editor.default\">\n\t\t\t\t<div class=\"elementor-widget-container\">\n\t\t\t\t\t\t\t\t\t<p>El an\u00e1lisis de secciones delgadas de rocas incluye una completa descripci\u00f3n tanto de la mineralog\u00eda primaria como de alteraci\u00f3n, con \u00e9nfasis en el an\u00e1lisis de las texturas, tipo e intensidad de la alteraci\u00f3n y la abundancia relativa de las especies minerales presentes en la muestra.<\/p><p>La informaci\u00f3n recabada es consignada en un informe que contiene las tablas de descripci\u00f3n, la clasificaci\u00f3n de la muestra y un anexo que incluye un registro de fotograf\u00edas donde se destacan los principales minerales y rasgos texturales de la muestra analizada<\/p>\t\t\t\t\t\t\t\t<\/div>\n\t\t\t\t<\/div>\n\t\t\t\t<\/div>\n\t\t\t\t\t<\/div>\n\t\t\t\t<\/div>\n\t\t<div class=\"elementor-element elementor-element-1bf0a98 e-flex e-con-boxed e-con e-parent\" data-id=\"1bf0a98\" data-element_type=\"container\">\n\t\t\t\t\t<div class=\"e-con-inner\">\n\t\t<div class=\"elementor-element elementor-element-231ebdc e-con-full e-flex e-con e-parent\" data-id=\"231ebdc\" data-element_type=\"container\">\n\t\t\t\t<div class=\"elementor-element elementor-element-688f3fc elementor-widget elementor-widget-image\" data-id=\"688f3fc\" data-element_type=\"widget\" data-widget_type=\"image.default\">\n\t\t\t\t<div class=\"elementor-widget-container\">\n\t\t\t\t\t\t\t\t\t\t\t\t\t\t\t<img decoding=\"async\" width=\"800\" height=\"599\" src=\"https:\/\/geocronos.cl\/wp-content\/uploads\/2020\/08\/pa210012.jpg\" class=\"attachment-large size-large wp-image-604\" alt=\"\" srcset=\"https:\/\/geocronos.cl\/wp-content\/uploads\/2020\/08\/pa210012.jpg 900w, https:\/\/geocronos.cl\/wp-content\/uploads\/2020\/08\/pa210012-300x225.jpg 300w, https:\/\/geocronos.cl\/wp-content\/uploads\/2020\/08\/pa210012-768x575.jpg 768w, https:\/\/geocronos.cl\/wp-content\/uploads\/2020\/08\/pa210012-560x420.jpg 560w\" sizes=\"(max-width: 800px) 100vw, 800px\" \/>\t\t\t\t\t\t\t\t\t\t\t\t\t\t\t<\/div>\n\t\t\t\t<\/div>\n\t\t\t\t<\/div>\n\t\t<div class=\"elementor-element elementor-element-8bd50c6 e-con-full e-flex e-con e-parent\" data-id=\"8bd50c6\" data-element_type=\"container\">\n\t\t\t\t<div class=\"elementor-element elementor-element-3410184 elementor-widget elementor-widget-heading\" data-id=\"3410184\" data-element_type=\"widget\" data-widget_type=\"heading.default\">\n\t\t\t\t<div class=\"elementor-widget-container\">\n\t\t\t\t\t<h2 class=\"elementor-heading-title elementor-size-default\">Calcograf\u00eda\n<\/h2>\t\t\t\t<\/div>\n\t\t\t\t<\/div>\n\t\t\t\t<div class=\"elementor-element elementor-element-1ed8494 elementor-widget elementor-widget-text-editor\" data-id=\"1ed8494\" data-element_type=\"widget\" data-widget_type=\"text-editor.default\">\n\t\t\t\t<div class=\"elementor-widget-container\">\n\t\t\t\t\t\t\t\t\t<p>Ofrecemos tanto el servicio cl\u00e1sico de descripci\u00f3n de minerales de mena a partir de una secci\u00f3n pulida como el servicio integral de caracterizaci\u00f3n de minerales met\u00e1licos y su asociaci\u00f3n con minerales de alteraci\u00f3n a partir de secciones pulido-transparentes. En ambos casos ponemos especial \u00e9nfasis en la abundancia relativa de las especies minerales presentes, sus texturas y su parag\u00e9nesis mineral.<\/p><p>Nuestro principal objetivo es el de entregar una servicio eficiente en t\u00e9rminos de la rigurosidad de la descripci\u00f3n y los tiempos de respuesta acorde al trabajo solicitado.<\/p>\t\t\t\t\t\t\t\t<\/div>\n\t\t\t\t<\/div>\n\t\t\t\t<\/div>\n\t\t\t\t\t<\/div>\n\t\t\t\t<\/div>\n\t\t<div class=\"elementor-element elementor-element-4f448926 e-flex e-con-boxed e-con e-parent\" data-id=\"4f448926\" data-element_type=\"container\" data-settings=\"{&quot;background_background&quot;:&quot;classic&quot;}\">\n\t\t\t\t\t<div class=\"e-con-inner\">\n\t\t<div class=\"elementor-element elementor-element-2704764e e-con-full e-flex e-con e-parent\" data-id=\"2704764e\" data-element_type=\"container\">\n\t\t\t\t<div class=\"elementor-element elementor-element-46deeb66 elementor-widget elementor-widget-heading\" data-id=\"46deeb66\" data-element_type=\"widget\" data-widget_type=\"heading.default\">\n\t\t\t\t<div class=\"elementor-widget-container\">\n\t\t\t\t\t<h2 class=\"elementor-heading-title elementor-size-default\">Somos la soluci\u00f3n\na sus requerimientos geol\u00f3gicos<\/h2>\t\t\t\t<\/div>\n\t\t\t\t<\/div>\n\t\t\t\t<\/div>\n\t\t<div class=\"elementor-element elementor-element-5f157532 e-con-full e-flex e-con e-parent\" data-id=\"5f157532\" data-element_type=\"container\" data-settings=\"{&quot;background_background&quot;:&quot;classic&quot;}\">\n\t\t\t\t<div class=\"elementor-element elementor-element-7715d3be elementor-widget elementor-widget-heading\" data-id=\"7715d3be\" data-element_type=\"widget\" data-widget_type=\"heading.default\">\n\t\t\t\t<div class=\"elementor-widget-container\">\n\t\t\t\t\t<h5 class=\"elementor-heading-title elementor-size-default\">Solicite Servicios de Petrograf\u00eda y Calcograf\u00eda\n<\/h5>\t\t\t\t<\/div>\n\t\t\t\t<\/div>\n\t\t\t\t<div class=\"elementor-element elementor-element-610e0696 elementor-widget elementor-widget-text-editor\" data-id=\"610e0696\" data-element_type=\"widget\" data-widget_type=\"text-editor.default\">\n\t\t\t\t<div class=\"elementor-widget-container\">\n\t\t\t\t\t\t\t\t\tLe entregaremos una atenci\u00f3n personalizada y lo ayudaremos a buscar la mejor soluci\u00f3n a sus requerimientos.\t\t\t\t\t\t\t\t<\/div>\n\t\t\t\t<\/div>\n\t\t\t\t<div class=\"elementor-element elementor-element-1a69c92d elementor-widget elementor-widget-button\" data-id=\"1a69c92d\" data-element_type=\"widget\" data-widget_type=\"button.default\">\n\t\t\t\t<div class=\"elementor-widget-container\">\n\t\t\t\t\t\t\t\t\t<div class=\"elementor-button-wrapper\">\n\t\t\t\t\t<a class=\"elementor-button elementor-button-link elementor-size-sm\" href=\"https:\/\/geocronos.cl\/index.php\/contacto\/\">\n\t\t\t\t\t\t<span class=\"elementor-button-content-wrapper\">\n\t\t\t\t\t\t\t\t\t<span class=\"elementor-button-text\">CONT\u00c1CTENOS AC\u00c1<\/span>\n\t\t\t\t\t<\/span>\n\t\t\t\t\t<\/a>\n\t\t\t\t<\/div>\n\t\t\t\t\t\t\t\t<\/div>\n\t\t\t\t<\/div>\n\t\t\t\t<\/div>\n\t\t\t\t\t<\/div>\n\t\t\t\t<\/div>\n\t\t\t\t<\/div>\n\t\t","protected":false},"excerpt":{"rendered":"<p>Petrograf\u00eda y Calcograf\u00eda Estudio de rocas, minerales de alteraci\u00f3n y met\u00e1licos; sus texturas, formas de ocurrencia y abundancia relativa. Petrograf\u00eda El an\u00e1lisis de secciones delgadas de rocas incluye una completa descripci\u00f3n tanto de la mineralog\u00eda primaria como de alteraci\u00f3n, con \u00e9nfasis en el an\u00e1lisis de las texturas, tipo e intensidad de la alteraci\u00f3n y la [&hellip;]<\/p>\n","protected":false},"author":1,"featured_media":0,"parent":0,"menu_order":0,"comment_status":"closed","ping_status":"closed","template":"elementor_header_footer","meta":{"footnotes":""},"yoast_head":"<!-- This site is optimized with the Yoast SEO plugin v23.5 - https:\/\/yoast.com\/wordpress\/plugins\/seo\/ -->\n<title>Petrograf\u00eda y Calcograf\u00eda - Geocronos<\/title>\n<meta name=\"robots\" content=\"index, follow, max-snippet:-1, max-image-preview:large, max-video-preview:-1\" \/>\n<link rel=\"canonical\" href=\"https:\/\/geocronos.cl\/index.php\/petrografia-y-calcografia\/\" \/>\n<meta property=\"og:locale\" content=\"es_ES\" \/>\n<meta property=\"og:type\" content=\"article\" \/>\n<meta property=\"og:title\" content=\"Petrograf\u00eda y Calcograf\u00eda - Geocronos\" \/>\n<meta property=\"og:description\" content=\"Petrograf\u00eda y Calcograf\u00eda Estudio de rocas, minerales de alteraci\u00f3n y met\u00e1licos; sus texturas, formas de ocurrencia y abundancia relativa. Petrograf\u00eda El an\u00e1lisis de secciones delgadas de rocas incluye una completa descripci\u00f3n tanto de la mineralog\u00eda primaria como de alteraci\u00f3n, con \u00e9nfasis en el an\u00e1lisis de las texturas, tipo e intensidad de la alteraci\u00f3n y la [&hellip;]\" \/>\n<meta property=\"og:url\" content=\"https:\/\/geocronos.cl\/index.php\/petrografia-y-calcografia\/\" \/>\n<meta property=\"og:site_name\" content=\"Geocronos\" \/>\n<meta property=\"article:modified_time\" content=\"2023-05-29T23:58:04+00:00\" \/>\n<meta property=\"og:image\" content=\"https:\/\/geocronos.cl\/wp-content\/uploads\/2020\/08\/pc050004.jpg\" \/>\n<meta name=\"twitter:card\" content=\"summary_large_image\" \/>\n<meta name=\"twitter:label1\" content=\"Tiempo estimado de lectura\" \/>\n\t<meta name=\"twitter:data1\" content=\"2 minutos\" \/>\n<script type=\"application\/ld+json\" class=\"yoast-schema-graph\">{\"@context\":\"https:\/\/schema.org\",\"@graph\":[{\"@type\":\"WebPage\",\"@id\":\"https:\/\/geocronos.cl\/index.php\/petrografia-y-calcografia\/\",\"url\":\"https:\/\/geocronos.cl\/index.php\/petrografia-y-calcografia\/\",\"name\":\"Petrograf\u00eda y Calcograf\u00eda - Geocronos\",\"isPartOf\":{\"@id\":\"https:\/\/geocronos.cl\/#website\"},\"primaryImageOfPage\":{\"@id\":\"https:\/\/geocronos.cl\/index.php\/petrografia-y-calcografia\/#primaryimage\"},\"image\":{\"@id\":\"https:\/\/geocronos.cl\/index.php\/petrografia-y-calcografia\/#primaryimage\"},\"thumbnailUrl\":\"https:\/\/geocronos.cl\/wp-content\/uploads\/2020\/08\/pc050004.jpg\",\"datePublished\":\"2020-08-05T23:01:39+00:00\",\"dateModified\":\"2023-05-29T23:58:04+00:00\",\"breadcrumb\":{\"@id\":\"https:\/\/geocronos.cl\/index.php\/petrografia-y-calcografia\/#breadcrumb\"},\"inLanguage\":\"es-CL\",\"potentialAction\":[{\"@type\":\"ReadAction\",\"target\":[\"https:\/\/geocronos.cl\/index.php\/petrografia-y-calcografia\/\"]}]},{\"@type\":\"ImageObject\",\"inLanguage\":\"es-CL\",\"@id\":\"https:\/\/geocronos.cl\/index.php\/petrografia-y-calcografia\/#primaryimage\",\"url\":\"https:\/\/geocronos.cl\/wp-content\/uploads\/2020\/08\/pc050004.jpg\",\"contentUrl\":\"https:\/\/geocronos.cl\/wp-content\/uploads\/2020\/08\/pc050004.jpg\",\"width\":900,\"height\":675},{\"@type\":\"BreadcrumbList\",\"@id\":\"https:\/\/geocronos.cl\/index.php\/petrografia-y-calcografia\/#breadcrumb\",\"itemListElement\":[{\"@type\":\"ListItem\",\"position\":1,\"name\":\"Portada\",\"item\":\"https:\/\/geocronos.cl\/\"},{\"@type\":\"ListItem\",\"position\":2,\"name\":\"Petrograf\u00eda y Calcograf\u00eda\"}]},{\"@type\":\"WebSite\",\"@id\":\"https:\/\/geocronos.cl\/#website\",\"url\":\"https:\/\/geocronos.cl\/\",\"name\":\"Geocronos\",\"description\":\"Servicios Geol\u00f3gicos\",\"potentialAction\":[{\"@type\":\"SearchAction\",\"target\":{\"@type\":\"EntryPoint\",\"urlTemplate\":\"https:\/\/geocronos.cl\/?s={search_term_string}\"},\"query-input\":{\"@type\":\"PropertyValueSpecification\",\"valueRequired\":true,\"valueName\":\"search_term_string\"}}],\"inLanguage\":\"es-CL\"}]}<\/script>\n<!-- \/ Yoast SEO plugin. -->","yoast_head_json":{"title":"Petrograf\u00eda y Calcograf\u00eda - Geocronos","robots":{"index":"index","follow":"follow","max-snippet":"max-snippet:-1","max-image-preview":"max-image-preview:large","max-video-preview":"max-video-preview:-1"},"canonical":"https:\/\/geocronos.cl\/index.php\/petrografia-y-calcografia\/","og_locale":"es_ES","og_type":"article","og_title":"Petrograf\u00eda y Calcograf\u00eda - Geocronos","og_description":"Petrograf\u00eda y Calcograf\u00eda Estudio de rocas, minerales de alteraci\u00f3n y met\u00e1licos; sus texturas, formas de ocurrencia y abundancia relativa. Petrograf\u00eda El an\u00e1lisis de secciones delgadas de rocas incluye una completa descripci\u00f3n tanto de la mineralog\u00eda primaria como de alteraci\u00f3n, con \u00e9nfasis en el an\u00e1lisis de las texturas, tipo e intensidad de la alteraci\u00f3n y la [&hellip;]","og_url":"https:\/\/geocronos.cl\/index.php\/petrografia-y-calcografia\/","og_site_name":"Geocronos","article_modified_time":"2023-05-29T23:58:04+00:00","og_image":[{"url":"https:\/\/geocronos.cl\/wp-content\/uploads\/2020\/08\/pc050004.jpg"}],"twitter_card":"summary_large_image","twitter_misc":{"Tiempo estimado de lectura":"2 minutos"},"schema":{"@context":"https:\/\/schema.org","@graph":[{"@type":"WebPage","@id":"https:\/\/geocronos.cl\/index.php\/petrografia-y-calcografia\/","url":"https:\/\/geocronos.cl\/index.php\/petrografia-y-calcografia\/","name":"Petrograf\u00eda y Calcograf\u00eda - Geocronos","isPartOf":{"@id":"https:\/\/geocronos.cl\/#website"},"primaryImageOfPage":{"@id":"https:\/\/geocronos.cl\/index.php\/petrografia-y-calcografia\/#primaryimage"},"image":{"@id":"https:\/\/geocronos.cl\/index.php\/petrografia-y-calcografia\/#primaryimage"},"thumbnailUrl":"https:\/\/geocronos.cl\/wp-content\/uploads\/2020\/08\/pc050004.jpg","datePublished":"2020-08-05T23:01:39+00:00","dateModified":"2023-05-29T23:58:04+00:00","breadcrumb":{"@id":"https:\/\/geocronos.cl\/index.php\/petrografia-y-calcografia\/#breadcrumb"},"inLanguage":"es-CL","potentialAction":[{"@type":"ReadAction","target":["https:\/\/geocronos.cl\/index.php\/petrografia-y-calcografia\/"]}]},{"@type":"ImageObject","inLanguage":"es-CL","@id":"https:\/\/geocronos.cl\/index.php\/petrografia-y-calcografia\/#primaryimage","url":"https:\/\/geocronos.cl\/wp-content\/uploads\/2020\/08\/pc050004.jpg","contentUrl":"https:\/\/geocronos.cl\/wp-content\/uploads\/2020\/08\/pc050004.jpg","width":900,"height":675},{"@type":"BreadcrumbList","@id":"https:\/\/geocronos.cl\/index.php\/petrografia-y-calcografia\/#breadcrumb","itemListElement":[{"@type":"ListItem","position":1,"name":"Portada","item":"https:\/\/geocronos.cl\/"},{"@type":"ListItem","position":2,"name":"Petrograf\u00eda y Calcograf\u00eda"}]},{"@type":"WebSite","@id":"https:\/\/geocronos.cl\/#website","url":"https:\/\/geocronos.cl\/","name":"Geocronos","description":"Servicios Geol\u00f3gicos","potentialAction":[{"@type":"SearchAction","target":{"@type":"EntryPoint","urlTemplate":"https:\/\/geocronos.cl\/?s={search_term_string}"},"query-input":{"@type":"PropertyValueSpecification","valueRequired":true,"valueName":"search_term_string"}}],"inLanguage":"es-CL"}]}},"_links":{"self":[{"href":"https:\/\/geocronos.cl\/index.php\/wp-json\/wp\/v2\/pages\/698"}],"collection":[{"href":"https:\/\/geocronos.cl\/index.php\/wp-json\/wp\/v2\/pages"}],"about":[{"href":"https:\/\/geocronos.cl\/index.php\/wp-json\/wp\/v2\/types\/page"}],"author":[{"embeddable":true,"href":"https:\/\/geocronos.cl\/index.php\/wp-json\/wp\/v2\/users\/1"}],"replies":[{"embeddable":true,"href":"https:\/\/geocronos.cl\/index.php\/wp-json\/wp\/v2\/comments?post=698"}],"version-history":[{"count":18,"href":"https:\/\/geocronos.cl\/index.php\/wp-json\/wp\/v2\/pages\/698\/revisions"}],"predecessor-version":[{"id":1986,"href":"https:\/\/geocronos.cl\/index.php\/wp-json\/wp\/v2\/pages\/698\/revisions\/1986"}],"wp:attachment":[{"href":"https:\/\/geocronos.cl\/index.php\/wp-json\/wp\/v2\/media?parent=698"}],"curies":[{"name":"wp","href":"https:\/\/api.w.org\/{rel}","templated":true}]}}