{"id":714,"date":"2020-08-05T21:38:33","date_gmt":"2020-08-06T01:38:33","guid":{"rendered":"https:\/\/geocronos.cl\/?page_id=714"},"modified":"2023-05-29T20:00:14","modified_gmt":"2023-05-30T00:00:14","slug":"geometalurgia","status":"publish","type":"page","link":"https:\/\/geocronos.cl\/index.php\/geometalurgia\/","title":{"rendered":"Geometalurgia"},"content":{"rendered":"\t\t<div data-elementor-type=\"wp-page\" data-elementor-id=\"714\" class=\"elementor elementor-714\" data-elementor-post-type=\"page\">\n\t\t\t\t<div class=\"elementor-element elementor-element-481673d8 e-con-full e-flex e-con e-parent\" data-id=\"481673d8\" data-element_type=\"container\">\n\t\t<div class=\"elementor-element elementor-element-33829c81 e-con-full e-flex e-con e-parent\" data-id=\"33829c81\" data-element_type=\"container\" data-settings=\"{&quot;background_background&quot;:&quot;classic&quot;}\">\n\t\t\t\t<div class=\"elementor-element elementor-element-2724abb4 elementor-widget elementor-widget-heading\" data-id=\"2724abb4\" data-element_type=\"widget\" data-widget_type=\"heading.default\">\n\t\t\t\t<div class=\"elementor-widget-container\">\n\t\t\t\t\t<h2 class=\"elementor-heading-title elementor-size-default\">Geometalurgia<\/h2>\t\t\t\t<\/div>\n\t\t\t\t<\/div>\n\t\t\t\t<div class=\"elementor-element elementor-element-37801fa4 elementor-widget elementor-widget-text-editor\" data-id=\"37801fa4\" data-element_type=\"widget\" data-widget_type=\"text-editor.default\">\n\t\t\t\t<div class=\"elementor-widget-container\">\n\t\t\t\t\t\t\t\t\t<p>Ofrecemos el estudio integral de muestras para la etapa de factibilidad de un proyecto minero o provenientes de un determinado proceso metal\u00fargico<\/p>\t\t\t\t\t\t\t\t<\/div>\n\t\t\t\t<\/div>\n\t\t\t\t<\/div>\n\t\t<div class=\"elementor-element elementor-element-3fc0c4a2 e-con-full e-flex e-con e-parent\" data-id=\"3fc0c4a2\" data-element_type=\"container\" data-settings=\"{&quot;background_background&quot;:&quot;classic&quot;}\">\n\t\t\t\t<\/div>\n\t\t\t\t<\/div>\n\t\t<div class=\"elementor-element elementor-element-69062db2 e-flex e-con-boxed e-con e-parent\" data-id=\"69062db2\" data-element_type=\"container\">\n\t\t\t\t\t<div class=\"e-con-inner\">\n\t\t\t\t<div class=\"elementor-element elementor-element-44cf625b elementor-widget elementor-widget-heading\" data-id=\"44cf625b\" data-element_type=\"widget\" data-widget_type=\"heading.default\">\n\t\t\t\t<div class=\"elementor-widget-container\">\n\t\t\t\t\t<h2 class=\"elementor-heading-title elementor-size-default\">Servicios de Geometalurgia<\/h2>\t\t\t\t<\/div>\n\t\t\t\t<\/div>\n\t\t\t\t\t<\/div>\n\t\t\t\t<\/div>\n\t\t<div class=\"elementor-element elementor-element-50d8845e e-flex e-con-boxed e-con e-parent\" data-id=\"50d8845e\" data-element_type=\"container\">\n\t\t\t\t\t<div class=\"e-con-inner\">\n\t\t<div class=\"elementor-element elementor-element-3196bd68 e-con-full e-flex e-con e-parent\" data-id=\"3196bd68\" data-element_type=\"container\">\n\t\t\t\t<div class=\"elementor-element elementor-element-766737d5 elementor-icon-list--layout-traditional elementor-list-item-link-full_width elementor-widget elementor-widget-icon-list\" data-id=\"766737d5\" data-element_type=\"widget\" data-widget_type=\"icon-list.default\">\n\t\t\t\t<div class=\"elementor-widget-container\">\n\t\t\t\t\t\t\t<ul class=\"elementor-icon-list-items\">\n\t\t\t\t\t\t\t<li class=\"elementor-icon-list-item\">\n\t\t\t\t\t\t\t\t\t\t\t<span class=\"elementor-icon-list-icon\">\n\t\t\t\t\t\t\t<i aria-hidden=\"true\" class=\"fas fa-arrow-right\"><\/i>\t\t\t\t\t\t<\/span>\n\t\t\t\t\t\t\t\t\t\t<span class=\"elementor-icon-list-text\">Detallado an\u00e1lisis de la mineralog\u00eda presente<\/span>\n\t\t\t\t\t\t\t\t\t<\/li>\n\t\t\t\t\t\t\t\t<li class=\"elementor-icon-list-item\">\n\t\t\t\t\t\t\t\t\t\t\t<span class=\"elementor-icon-list-icon\">\n\t\t\t\t\t\t\t<i aria-hidden=\"true\" class=\"fas fa-arrow-right\"><\/i>\t\t\t\t\t\t<\/span>\n\t\t\t\t\t\t\t\t\t\t<span class=\"elementor-icon-list-text\">Descripci\u00f3n de texturas minerales<\/span>\n\t\t\t\t\t\t\t\t\t<\/li>\n\t\t\t\t\t\t\t\t<li class=\"elementor-icon-list-item\">\n\t\t\t\t\t\t\t\t\t\t\t<span class=\"elementor-icon-list-icon\">\n\t\t\t\t\t\t\t<i aria-hidden=\"true\" class=\"fas fa-arrow-right\"><\/i>\t\t\t\t\t\t<\/span>\n\t\t\t\t\t\t\t\t\t\t<span class=\"elementor-icon-list-text\">Conteo modal<\/span>\n\t\t\t\t\t\t\t\t\t<\/li>\n\t\t\t\t\t\t\t\t<li class=\"elementor-icon-list-item\">\n\t\t\t\t\t\t\t\t\t\t\t<span class=\"elementor-icon-list-icon\">\n\t\t\t\t\t\t\t<i aria-hidden=\"true\" class=\"fas fa-arrow-right\"><\/i>\t\t\t\t\t\t<\/span>\n\t\t\t\t\t\t\t\t\t\t<span class=\"elementor-icon-list-text\">Grado de liberaci\u00f3n<\/span>\n\t\t\t\t\t\t\t\t\t<\/li>\n\t\t\t\t\t\t\t\t<li class=\"elementor-icon-list-item\">\n\t\t\t\t\t\t\t\t\t\t\t<span class=\"elementor-icon-list-icon\">\n\t\t\t\t\t\t\t<i aria-hidden=\"true\" class=\"fas fa-arrow-right\"><\/i>\t\t\t\t\t\t<\/span>\n\t\t\t\t\t\t\t\t\t\t<span class=\"elementor-icon-list-text\">An\u00e1lisis de im\u00e1gen<\/span>\n\t\t\t\t\t\t\t\t\t<\/li>\n\t\t\t\t\t\t<\/ul>\n\t\t\t\t\t\t<\/div>\n\t\t\t\t<\/div>\n\t\t\t\t<\/div>\n\t\t<div class=\"elementor-element elementor-element-344b7312 e-con-full e-flex e-con e-parent\" data-id=\"344b7312\" data-element_type=\"container\">\n\t\t\t\t<div class=\"elementor-element elementor-element-75b8cbb8 elementor-icon-list--layout-traditional elementor-list-item-link-full_width elementor-widget elementor-widget-icon-list\" data-id=\"75b8cbb8\" data-element_type=\"widget\" data-widget_type=\"icon-list.default\">\n\t\t\t\t<div class=\"elementor-widget-container\">\n\t\t\t\t\t\t\t<ul class=\"elementor-icon-list-items\">\n\t\t\t\t\t\t\t<li class=\"elementor-icon-list-item\">\n\t\t\t\t\t\t\t\t\t\t\t<span class=\"elementor-icon-list-icon\">\n\t\t\t\t\t\t\t<i aria-hidden=\"true\" class=\"fas fa-arrow-right\"><\/i>\t\t\t\t\t\t<\/span>\n\t\t\t\t\t\t\t\t\t\t<span class=\"elementor-icon-list-text\">Caracterizaci\u00f3n y cuantificaci\u00f3n de minerales de grupo de las arcillas mediante an\u00e1lisis de difracci\u00f3n de rayos X (DRX)<\/span>\n\t\t\t\t\t\t\t\t\t<\/li>\n\t\t\t\t\t\t\t\t<li class=\"elementor-icon-list-item\">\n\t\t\t\t\t\t\t\t\t\t\t<span class=\"elementor-icon-list-icon\">\n\t\t\t\t\t\t\t<i aria-hidden=\"true\" class=\"fas fa-arrow-right\"><\/i>\t\t\t\t\t\t<\/span>\n\t\t\t\t\t\t\t\t\t\t<span class=\"elementor-icon-list-text\">Estudios mineraloqu\u00edmicos mediante microscop\u00eda automatizada v\u00eda Quemscan<\/span>\n\t\t\t\t\t\t\t\t\t<\/li>\n\t\t\t\t\t\t\t\t<li class=\"elementor-icon-list-item\">\n\t\t\t\t\t\t\t\t\t\t\t<span class=\"elementor-icon-list-icon\">\n\t\t\t\t\t\t\t<i aria-hidden=\"true\" class=\"fas fa-arrow-right\"><\/i>\t\t\t\t\t\t<\/span>\n\t\t\t\t\t\t\t\t\t\t<span class=\"elementor-icon-list-text\">Espectrometr\u00eda de Reflectancia (VNIR-SWIR)<\/span>\n\t\t\t\t\t\t\t\t\t<\/li>\n\t\t\t\t\t\t<\/ul>\n\t\t\t\t\t\t<\/div>\n\t\t\t\t<\/div>\n\t\t\t\t<\/div>\n\t\t\t\t\t<\/div>\n\t\t\t\t<\/div>\n\t\t<div class=\"elementor-element elementor-element-1e9ce874 e-flex e-con-boxed e-con e-parent\" data-id=\"1e9ce874\" data-element_type=\"container\">\n\t\t\t\t\t<div class=\"e-con-inner\">\n\t\t<div class=\"elementor-element elementor-element-70bfe41e e-con-full e-flex e-con e-parent\" data-id=\"70bfe41e\" data-element_type=\"container\">\n\t\t\t\t<div class=\"elementor-element elementor-element-eacd0b elementor-widget elementor-widget-image-carousel\" data-id=\"eacd0b\" data-element_type=\"widget\" data-settings=\"{&quot;slides_to_show&quot;:&quot;1&quot;,&quot;navigation&quot;:&quot;none&quot;,&quot;autoplay&quot;:&quot;yes&quot;,&quot;pause_on_hover&quot;:&quot;yes&quot;,&quot;pause_on_interaction&quot;:&quot;yes&quot;,&quot;autoplay_speed&quot;:5000,&quot;infinite&quot;:&quot;yes&quot;,&quot;effect&quot;:&quot;slide&quot;,&quot;speed&quot;:500}\" data-widget_type=\"image-carousel.default\">\n\t\t\t\t<div class=\"elementor-widget-container\">\n\t\t\t\t\t\t\t<div class=\"elementor-image-carousel-wrapper swiper\" role=\"region\" aria-roledescription=\"carousel\" aria-label=\"Carrusel de im\u00e1genes\" dir=\"ltr\">\n\t\t\t<div class=\"elementor-image-carousel swiper-wrapper\" aria-live=\"off\">\n\t\t\t\t\t\t\t\t<div class=\"swiper-slide\" role=\"group\" aria-roledescription=\"slide\" aria-label=\"1 de 3\"><figure class=\"swiper-slide-inner\"><img decoding=\"async\" class=\"swiper-slide-image\" src=\"https:\/\/geocronos.cl\/wp-content\/uploads\/2020\/08\/geo-3.jpg\" alt=\"geo-3\" \/><\/figure><\/div><div class=\"swiper-slide\" role=\"group\" aria-roledescription=\"slide\" aria-label=\"2 de 3\"><figure class=\"swiper-slide-inner\"><img decoding=\"async\" class=\"swiper-slide-image\" src=\"https:\/\/geocronos.cl\/wp-content\/uploads\/2020\/08\/geo-4.jpg\" alt=\"geo-4\" \/><\/figure><\/div><div class=\"swiper-slide\" role=\"group\" aria-roledescription=\"slide\" aria-label=\"3 de 3\"><figure class=\"swiper-slide-inner\"><img decoding=\"async\" class=\"swiper-slide-image\" src=\"https:\/\/geocronos.cl\/wp-content\/uploads\/2020\/08\/geo-2.jpg\" alt=\"geo-2\" \/><\/figure><\/div>\t\t\t<\/div>\n\t\t\t\t\t\t\t\n\t\t\t\t\t\t\t\t\t<\/div>\n\t\t\t\t\t\t<\/div>\n\t\t\t\t<\/div>\n\t\t\t\t<\/div>\n\t\t<div class=\"elementor-element elementor-element-2fb76ec9 e-con-full e-flex e-con e-parent\" data-id=\"2fb76ec9\" data-element_type=\"container\">\n\t\t\t\t<div class=\"elementor-element elementor-element-766c4f1c elementor-widget elementor-widget-heading\" data-id=\"766c4f1c\" data-element_type=\"widget\" data-widget_type=\"heading.default\">\n\t\t\t\t<div class=\"elementor-widget-container\">\n\t\t\t\t\t<h2 class=\"elementor-heading-title elementor-size-default\">Mineralog\u00eda aplicada a Geometalurgia\n<\/h2>\t\t\t\t<\/div>\n\t\t\t\t<\/div>\n\t\t\t\t<div class=\"elementor-element elementor-element-4128729a elementor-widget elementor-widget-text-editor\" data-id=\"4128729a\" data-element_type=\"widget\" data-widget_type=\"text-editor.default\">\n\t\t\t\t<div class=\"elementor-widget-container\">\n\t\t\t\t\t\t\t\t\tServicios orientados principalmente a resolver problemas en el \u00e1rea de la geometalurgia. Optimizamos el proceso y mejoramos la calidad del producto final.\t\t\t\t\t\t\t\t<\/div>\n\t\t\t\t<\/div>\n\t\t\t\t<\/div>\n\t\t\t\t\t<\/div>\n\t\t\t\t<\/div>\n\t\t<div class=\"elementor-element elementor-element-2c091e7d e-flex e-con-boxed e-con e-parent\" data-id=\"2c091e7d\" data-element_type=\"container\" data-settings=\"{&quot;background_background&quot;:&quot;classic&quot;}\">\n\t\t\t\t\t<div class=\"e-con-inner\">\n\t\t<div class=\"elementor-element elementor-element-2cc76d6 e-con-full e-flex e-con e-parent\" data-id=\"2cc76d6\" data-element_type=\"container\">\n\t\t\t\t<div class=\"elementor-element elementor-element-3008c780 elementor-widget elementor-widget-heading\" data-id=\"3008c780\" data-element_type=\"widget\" data-widget_type=\"heading.default\">\n\t\t\t\t<div class=\"elementor-widget-container\">\n\t\t\t\t\t<h2 class=\"elementor-heading-title elementor-size-default\">Somos la soluci\u00f3n\na sus requerimientos geol\u00f3gicos<\/h2>\t\t\t\t<\/div>\n\t\t\t\t<\/div>\n\t\t\t\t<\/div>\n\t\t<div class=\"elementor-element elementor-element-674177ec e-con-full e-flex e-con e-parent\" data-id=\"674177ec\" data-element_type=\"container\" data-settings=\"{&quot;background_background&quot;:&quot;classic&quot;}\">\n\t\t\t\t<div class=\"elementor-element elementor-element-33602be1 elementor-widget elementor-widget-heading\" data-id=\"33602be1\" data-element_type=\"widget\" data-widget_type=\"heading.default\">\n\t\t\t\t<div class=\"elementor-widget-container\">\n\t\t\t\t\t<h5 class=\"elementor-heading-title elementor-size-default\">Solicite Servicios de Geometalurgia<\/h5>\t\t\t\t<\/div>\n\t\t\t\t<\/div>\n\t\t\t\t<div class=\"elementor-element elementor-element-6230a822 elementor-widget elementor-widget-text-editor\" data-id=\"6230a822\" data-element_type=\"widget\" data-widget_type=\"text-editor.default\">\n\t\t\t\t<div class=\"elementor-widget-container\">\n\t\t\t\t\t\t\t\t\tLe entregaremos una atenci\u00f3n personalizada y lo ayudaremos a buscar la mejor soluci\u00f3n a sus requerimientos.\t\t\t\t\t\t\t\t<\/div>\n\t\t\t\t<\/div>\n\t\t\t\t<div class=\"elementor-element elementor-element-592fae11 elementor-widget elementor-widget-button\" data-id=\"592fae11\" data-element_type=\"widget\" data-widget_type=\"button.default\">\n\t\t\t\t<div class=\"elementor-widget-container\">\n\t\t\t\t\t\t\t\t\t<div class=\"elementor-button-wrapper\">\n\t\t\t\t\t<a class=\"elementor-button elementor-button-link elementor-size-sm\" href=\"https:\/\/geocronos.cl\/index.php\/contacto\/\">\n\t\t\t\t\t\t<span class=\"elementor-button-content-wrapper\">\n\t\t\t\t\t\t\t\t\t<span class=\"elementor-button-text\">CONT\u00c1CTENOS AC\u00c1<\/span>\n\t\t\t\t\t<\/span>\n\t\t\t\t\t<\/a>\n\t\t\t\t<\/div>\n\t\t\t\t\t\t\t\t<\/div>\n\t\t\t\t<\/div>\n\t\t\t\t<\/div>\n\t\t\t\t\t<\/div>\n\t\t\t\t<\/div>\n\t\t\t\t<\/div>\n\t\t","protected":false},"excerpt":{"rendered":"<p>Geometalurgia Ofrecemos el estudio integral de muestras para la etapa de factibilidad de un proyecto minero o provenientes de un determinado proceso metal\u00fargico Servicios de Geometalurgia Detallado an\u00e1lisis de la mineralog\u00eda presente Descripci\u00f3n de texturas minerales Conteo modal Grado de liberaci\u00f3n An\u00e1lisis de im\u00e1gen Caracterizaci\u00f3n y cuantificaci\u00f3n de minerales de grupo de las arcillas mediante [&hellip;]<\/p>\n","protected":false},"author":1,"featured_media":0,"parent":0,"menu_order":0,"comment_status":"closed","ping_status":"closed","template":"elementor_header_footer","meta":{"footnotes":""},"yoast_head":"<!-- This site is optimized with the Yoast SEO plugin v23.5 - https:\/\/yoast.com\/wordpress\/plugins\/seo\/ -->\n<title>Geometalurgia - Geocronos<\/title>\n<meta name=\"robots\" content=\"index, follow, max-snippet:-1, max-image-preview:large, max-video-preview:-1\" \/>\n<link rel=\"canonical\" href=\"https:\/\/geocronos.cl\/index.php\/geometalurgia\/\" \/>\n<meta property=\"og:locale\" content=\"es_ES\" \/>\n<meta property=\"og:type\" content=\"article\" \/>\n<meta property=\"og:title\" content=\"Geometalurgia - Geocronos\" \/>\n<meta property=\"og:description\" content=\"Geometalurgia Ofrecemos el estudio integral de muestras para la etapa de factibilidad de un proyecto minero o provenientes de un determinado proceso metal\u00fargico Servicios de Geometalurgia Detallado an\u00e1lisis de la mineralog\u00eda presente Descripci\u00f3n de texturas minerales Conteo modal Grado de liberaci\u00f3n An\u00e1lisis de im\u00e1gen Caracterizaci\u00f3n y cuantificaci\u00f3n de minerales de grupo de las arcillas mediante [&hellip;]\" \/>\n<meta property=\"og:url\" content=\"https:\/\/geocronos.cl\/index.php\/geometalurgia\/\" \/>\n<meta property=\"og:site_name\" content=\"Geocronos\" \/>\n<meta property=\"article:modified_time\" content=\"2023-05-30T00:00:14+00:00\" \/>\n<meta property=\"og:image\" content=\"https:\/\/geocronos.cl\/wp-content\/uploads\/2020\/08\/geo-3.jpg\" \/>\n<meta name=\"twitter:card\" content=\"summary_large_image\" \/>\n<meta name=\"twitter:label1\" content=\"Tiempo estimado de lectura\" \/>\n\t<meta name=\"twitter:data1\" content=\"2 minutos\" \/>\n<script type=\"application\/ld+json\" class=\"yoast-schema-graph\">{\"@context\":\"https:\/\/schema.org\",\"@graph\":[{\"@type\":\"WebPage\",\"@id\":\"https:\/\/geocronos.cl\/index.php\/geometalurgia\/\",\"url\":\"https:\/\/geocronos.cl\/index.php\/geometalurgia\/\",\"name\":\"Geometalurgia - Geocronos\",\"isPartOf\":{\"@id\":\"https:\/\/geocronos.cl\/#website\"},\"primaryImageOfPage\":{\"@id\":\"https:\/\/geocronos.cl\/index.php\/geometalurgia\/#primaryimage\"},\"image\":{\"@id\":\"https:\/\/geocronos.cl\/index.php\/geometalurgia\/#primaryimage\"},\"thumbnailUrl\":\"https:\/\/geocronos.cl\/wp-content\/uploads\/2020\/08\/geo-3.jpg\",\"datePublished\":\"2020-08-06T01:38:33+00:00\",\"dateModified\":\"2023-05-30T00:00:14+00:00\",\"breadcrumb\":{\"@id\":\"https:\/\/geocronos.cl\/index.php\/geometalurgia\/#breadcrumb\"},\"inLanguage\":\"es-CL\",\"potentialAction\":[{\"@type\":\"ReadAction\",\"target\":[\"https:\/\/geocronos.cl\/index.php\/geometalurgia\/\"]}]},{\"@type\":\"ImageObject\",\"inLanguage\":\"es-CL\",\"@id\":\"https:\/\/geocronos.cl\/index.php\/geometalurgia\/#primaryimage\",\"url\":\"https:\/\/geocronos.cl\/wp-content\/uploads\/2020\/08\/geo-3.jpg\",\"contentUrl\":\"https:\/\/geocronos.cl\/wp-content\/uploads\/2020\/08\/geo-3.jpg\",\"width\":1024,\"height\":768},{\"@type\":\"BreadcrumbList\",\"@id\":\"https:\/\/geocronos.cl\/index.php\/geometalurgia\/#breadcrumb\",\"itemListElement\":[{\"@type\":\"ListItem\",\"position\":1,\"name\":\"Portada\",\"item\":\"https:\/\/geocronos.cl\/\"},{\"@type\":\"ListItem\",\"position\":2,\"name\":\"Geometalurgia\"}]},{\"@type\":\"WebSite\",\"@id\":\"https:\/\/geocronos.cl\/#website\",\"url\":\"https:\/\/geocronos.cl\/\",\"name\":\"Geocronos\",\"description\":\"Servicios Geol\u00f3gicos\",\"potentialAction\":[{\"@type\":\"SearchAction\",\"target\":{\"@type\":\"EntryPoint\",\"urlTemplate\":\"https:\/\/geocronos.cl\/?s={search_term_string}\"},\"query-input\":{\"@type\":\"PropertyValueSpecification\",\"valueRequired\":true,\"valueName\":\"search_term_string\"}}],\"inLanguage\":\"es-CL\"}]}<\/script>\n<!-- \/ Yoast SEO plugin. -->","yoast_head_json":{"title":"Geometalurgia - Geocronos","robots":{"index":"index","follow":"follow","max-snippet":"max-snippet:-1","max-image-preview":"max-image-preview:large","max-video-preview":"max-video-preview:-1"},"canonical":"https:\/\/geocronos.cl\/index.php\/geometalurgia\/","og_locale":"es_ES","og_type":"article","og_title":"Geometalurgia - Geocronos","og_description":"Geometalurgia Ofrecemos el estudio integral de muestras para la etapa de factibilidad de un proyecto minero o provenientes de un determinado proceso metal\u00fargico Servicios de Geometalurgia Detallado an\u00e1lisis de la mineralog\u00eda presente Descripci\u00f3n de texturas minerales Conteo modal Grado de liberaci\u00f3n An\u00e1lisis de im\u00e1gen Caracterizaci\u00f3n y cuantificaci\u00f3n de minerales de grupo de las arcillas mediante [&hellip;]","og_url":"https:\/\/geocronos.cl\/index.php\/geometalurgia\/","og_site_name":"Geocronos","article_modified_time":"2023-05-30T00:00:14+00:00","og_image":[{"url":"https:\/\/geocronos.cl\/wp-content\/uploads\/2020\/08\/geo-3.jpg"}],"twitter_card":"summary_large_image","twitter_misc":{"Tiempo estimado de lectura":"2 minutos"},"schema":{"@context":"https:\/\/schema.org","@graph":[{"@type":"WebPage","@id":"https:\/\/geocronos.cl\/index.php\/geometalurgia\/","url":"https:\/\/geocronos.cl\/index.php\/geometalurgia\/","name":"Geometalurgia - Geocronos","isPartOf":{"@id":"https:\/\/geocronos.cl\/#website"},"primaryImageOfPage":{"@id":"https:\/\/geocronos.cl\/index.php\/geometalurgia\/#primaryimage"},"image":{"@id":"https:\/\/geocronos.cl\/index.php\/geometalurgia\/#primaryimage"},"thumbnailUrl":"https:\/\/geocronos.cl\/wp-content\/uploads\/2020\/08\/geo-3.jpg","datePublished":"2020-08-06T01:38:33+00:00","dateModified":"2023-05-30T00:00:14+00:00","breadcrumb":{"@id":"https:\/\/geocronos.cl\/index.php\/geometalurgia\/#breadcrumb"},"inLanguage":"es-CL","potentialAction":[{"@type":"ReadAction","target":["https:\/\/geocronos.cl\/index.php\/geometalurgia\/"]}]},{"@type":"ImageObject","inLanguage":"es-CL","@id":"https:\/\/geocronos.cl\/index.php\/geometalurgia\/#primaryimage","url":"https:\/\/geocronos.cl\/wp-content\/uploads\/2020\/08\/geo-3.jpg","contentUrl":"https:\/\/geocronos.cl\/wp-content\/uploads\/2020\/08\/geo-3.jpg","width":1024,"height":768},{"@type":"BreadcrumbList","@id":"https:\/\/geocronos.cl\/index.php\/geometalurgia\/#breadcrumb","itemListElement":[{"@type":"ListItem","position":1,"name":"Portada","item":"https:\/\/geocronos.cl\/"},{"@type":"ListItem","position":2,"name":"Geometalurgia"}]},{"@type":"WebSite","@id":"https:\/\/geocronos.cl\/#website","url":"https:\/\/geocronos.cl\/","name":"Geocronos","description":"Servicios Geol\u00f3gicos","potentialAction":[{"@type":"SearchAction","target":{"@type":"EntryPoint","urlTemplate":"https:\/\/geocronos.cl\/?s={search_term_string}"},"query-input":{"@type":"PropertyValueSpecification","valueRequired":true,"valueName":"search_term_string"}}],"inLanguage":"es-CL"}]}},"_links":{"self":[{"href":"https:\/\/geocronos.cl\/index.php\/wp-json\/wp\/v2\/pages\/714"}],"collection":[{"href":"https:\/\/geocronos.cl\/index.php\/wp-json\/wp\/v2\/pages"}],"about":[{"href":"https:\/\/geocronos.cl\/index.php\/wp-json\/wp\/v2\/types\/page"}],"author":[{"embeddable":true,"href":"https:\/\/geocronos.cl\/index.php\/wp-json\/wp\/v2\/users\/1"}],"replies":[{"embeddable":true,"href":"https:\/\/geocronos.cl\/index.php\/wp-json\/wp\/v2\/comments?post=714"}],"version-history":[{"count":21,"href":"https:\/\/geocronos.cl\/index.php\/wp-json\/wp\/v2\/pages\/714\/revisions"}],"predecessor-version":[{"id":1989,"href":"https:\/\/geocronos.cl\/index.php\/wp-json\/wp\/v2\/pages\/714\/revisions\/1989"}],"wp:attachment":[{"href":"https:\/\/geocronos.cl\/index.php\/wp-json\/wp\/v2\/media?parent=714"}],"curies":[{"name":"wp","href":"https:\/\/api.w.org\/{rel}","templated":true}]}}