{"id":738,"date":"2020-08-05T22:09:01","date_gmt":"2020-08-06T02:09:01","guid":{"rendered":"https:\/\/geocronos.cl\/?page_id=738"},"modified":"2023-05-29T20:00:50","modified_gmt":"2023-05-30T00:00:50","slug":"outsourcing","status":"publish","type":"page","link":"https:\/\/geocronos.cl\/index.php\/outsourcing\/","title":{"rendered":"Outsourcing"},"content":{"rendered":"\t\t<div data-elementor-type=\"wp-page\" data-elementor-id=\"738\" class=\"elementor elementor-738\" data-elementor-post-type=\"page\">\n\t\t\t\t<div class=\"elementor-element elementor-element-422bb3b4 e-con-full e-flex e-con e-parent\" data-id=\"422bb3b4\" data-element_type=\"container\">\n\t\t<div class=\"elementor-element elementor-element-63d13c24 e-con-full e-flex e-con e-parent\" data-id=\"63d13c24\" data-element_type=\"container\" data-settings=\"{&quot;background_background&quot;:&quot;classic&quot;}\">\n\t\t\t\t<div class=\"elementor-element elementor-element-36f8a5bf elementor-widget elementor-widget-heading\" data-id=\"36f8a5bf\" data-element_type=\"widget\" data-widget_type=\"heading.default\">\n\t\t\t\t<div class=\"elementor-widget-container\">\n\t\t\t\t\t<h2 class=\"elementor-heading-title elementor-size-default\">Outsourcing\n(Servicios a la Miner\u00eda)<\/h2>\t\t\t\t<\/div>\n\t\t\t\t<\/div>\n\t\t\t\t<div class=\"elementor-element elementor-element-9c2e844 elementor-widget elementor-widget-text-editor\" data-id=\"9c2e844\" data-element_type=\"widget\" data-widget_type=\"text-editor.default\">\n\t\t\t\t<div class=\"elementor-widget-container\">\n\t\t\t\t\t\t\t\t\tProveemos personal calificado para desempe\u00f1arse en diferentes funciones durante las distintas etapas de un proyecto minero.\t\t\t\t\t\t\t\t<\/div>\n\t\t\t\t<\/div>\n\t\t\t\t<\/div>\n\t\t<div class=\"elementor-element elementor-element-38e7eec3 e-con-full e-flex e-con e-parent\" data-id=\"38e7eec3\" data-element_type=\"container\" data-settings=\"{&quot;background_background&quot;:&quot;classic&quot;}\">\n\t\t\t\t<\/div>\n\t\t\t\t<\/div>\n\t\t<div class=\"elementor-element elementor-element-7f52269c e-flex e-con-boxed e-con e-parent\" data-id=\"7f52269c\" data-element_type=\"container\">\n\t\t\t\t\t<div class=\"e-con-inner\">\n\t\t<div class=\"elementor-element elementor-element-a05f72b e-con-full e-flex e-con e-parent\" data-id=\"a05f72b\" data-element_type=\"container\">\n\t\t\t\t<div class=\"elementor-element elementor-element-61fd514 elementor-widget elementor-widget-image\" data-id=\"61fd514\" data-element_type=\"widget\" data-widget_type=\"image.default\">\n\t\t\t\t<div class=\"elementor-widget-container\">\n\t\t\t\t\t\t\t\t\t\t\t\t\t\t\t<img fetchpriority=\"high\" decoding=\"async\" width=\"800\" height=\"600\" src=\"https:\/\/geocronos.cl\/wp-content\/uploads\/2020\/08\/exploracion-3.jpg\" class=\"attachment-large size-large wp-image-816\" alt=\"\" srcset=\"https:\/\/geocronos.cl\/wp-content\/uploads\/2020\/08\/exploracion-3.jpg 1024w, https:\/\/geocronos.cl\/wp-content\/uploads\/2020\/08\/exploracion-3-300x225.jpg 300w, https:\/\/geocronos.cl\/wp-content\/uploads\/2020\/08\/exploracion-3-768x576.jpg 768w, https:\/\/geocronos.cl\/wp-content\/uploads\/2020\/08\/exploracion-3-560x420.jpg 560w, https:\/\/geocronos.cl\/wp-content\/uploads\/2020\/08\/exploracion-3-900x675.jpg 900w\" sizes=\"(max-width: 800px) 100vw, 800px\" \/>\t\t\t\t\t\t\t\t\t\t\t\t\t\t\t<\/div>\n\t\t\t\t<\/div>\n\t\t\t\t<\/div>\n\t\t<div class=\"elementor-element elementor-element-5fbb3a66 e-con-full e-flex e-con e-parent\" data-id=\"5fbb3a66\" data-element_type=\"container\">\n\t\t\t\t<div class=\"elementor-element elementor-element-64166a98 elementor-widget elementor-widget-heading\" data-id=\"64166a98\" data-element_type=\"widget\" data-widget_type=\"heading.default\">\n\t\t\t\t<div class=\"elementor-widget-container\">\n\t\t\t\t\t<h2 class=\"elementor-heading-title elementor-size-default\">Servicios a la miner\u00eda<\/h2>\t\t\t\t<\/div>\n\t\t\t\t<\/div>\n\t\t\t\t<div class=\"elementor-element elementor-element-2ae022a5 elementor-widget elementor-widget-text-editor\" data-id=\"2ae022a5\" data-element_type=\"widget\" data-widget_type=\"text-editor.default\">\n\t\t\t\t<div class=\"elementor-widget-container\">\n\t\t\t\t\t\t\t\t\tOfrecemos el apoyo y la asistencia geol\u00f3gica para proyectos de exploraci\u00f3n y miner\u00eda, otorgando el personal id\u00f3neo (ge\u00f3logos, ayudante de ge\u00f3logos, muestreros) seleccionados en funci\u00f3n de la necesidad y requerimiento de cada proyecto.\t\t\t\t\t\t\t\t<\/div>\n\t\t\t\t<\/div>\n\t\t\t\t<\/div>\n\t\t\t\t\t<\/div>\n\t\t\t\t<\/div>\n\t\t<div class=\"elementor-element elementor-element-6368cae7 e-flex e-con-boxed e-con e-parent\" data-id=\"6368cae7\" data-element_type=\"container\" data-settings=\"{&quot;background_background&quot;:&quot;classic&quot;}\">\n\t\t\t\t\t<div class=\"e-con-inner\">\n\t\t<div class=\"elementor-element elementor-element-b134e7b e-con-full e-flex e-con e-parent\" data-id=\"b134e7b\" data-element_type=\"container\">\n\t\t\t\t<div class=\"elementor-element elementor-element-44533b3a elementor-widget elementor-widget-heading\" data-id=\"44533b3a\" data-element_type=\"widget\" data-widget_type=\"heading.default\">\n\t\t\t\t<div class=\"elementor-widget-container\">\n\t\t\t\t\t<h2 class=\"elementor-heading-title elementor-size-default\">Somos la soluci\u00f3n\na sus requerimientos geol\u00f3gicos<\/h2>\t\t\t\t<\/div>\n\t\t\t\t<\/div>\n\t\t\t\t<\/div>\n\t\t<div class=\"elementor-element elementor-element-6e8dbf2a e-con-full e-flex e-con e-parent\" data-id=\"6e8dbf2a\" data-element_type=\"container\" data-settings=\"{&quot;background_background&quot;:&quot;classic&quot;}\">\n\t\t\t\t<div class=\"elementor-element elementor-element-ed48428 elementor-widget elementor-widget-heading\" data-id=\"ed48428\" data-element_type=\"widget\" data-widget_type=\"heading.default\">\n\t\t\t\t<div class=\"elementor-widget-container\">\n\t\t\t\t\t<h5 class=\"elementor-heading-title elementor-size-default\">Solicite Servicios de Outsourcing\n<\/h5>\t\t\t\t<\/div>\n\t\t\t\t<\/div>\n\t\t\t\t<div class=\"elementor-element elementor-element-488fa1e7 elementor-widget elementor-widget-text-editor\" data-id=\"488fa1e7\" data-element_type=\"widget\" data-widget_type=\"text-editor.default\">\n\t\t\t\t<div class=\"elementor-widget-container\">\n\t\t\t\t\t\t\t\t\tLe entregaremos una atenci\u00f3n personalizada y lo ayudaremos a buscar la mejor soluci\u00f3n a sus requerimientos.\t\t\t\t\t\t\t\t<\/div>\n\t\t\t\t<\/div>\n\t\t\t\t<div class=\"elementor-element elementor-element-239e8afb elementor-widget elementor-widget-button\" data-id=\"239e8afb\" data-element_type=\"widget\" data-widget_type=\"button.default\">\n\t\t\t\t<div class=\"elementor-widget-container\">\n\t\t\t\t\t\t\t\t\t<div class=\"elementor-button-wrapper\">\n\t\t\t\t\t<a class=\"elementor-button elementor-button-link elementor-size-sm\" href=\"https:\/\/geocronos.cl\/index.php\/contacto\/\">\n\t\t\t\t\t\t<span class=\"elementor-button-content-wrapper\">\n\t\t\t\t\t\t\t\t\t<span class=\"elementor-button-text\">CONT\u00c1CTENOS AC\u00c1<\/span>\n\t\t\t\t\t<\/span>\n\t\t\t\t\t<\/a>\n\t\t\t\t<\/div>\n\t\t\t\t\t\t\t\t<\/div>\n\t\t\t\t<\/div>\n\t\t\t\t<\/div>\n\t\t\t\t\t<\/div>\n\t\t\t\t<\/div>\n\t\t\t\t<\/div>\n\t\t","protected":false},"excerpt":{"rendered":"<p>Outsourcing (Servicios a la Miner\u00eda) Proveemos personal calificado para desempe\u00f1arse en diferentes funciones durante las distintas etapas de un proyecto minero. Servicios a la miner\u00eda Ofrecemos el apoyo y la asistencia geol\u00f3gica para proyectos de exploraci\u00f3n y miner\u00eda, otorgando el personal id\u00f3neo (ge\u00f3logos, ayudante de ge\u00f3logos, muestreros) seleccionados en funci\u00f3n de la necesidad y requerimiento [&hellip;]<\/p>\n","protected":false},"author":1,"featured_media":0,"parent":0,"menu_order":0,"comment_status":"closed","ping_status":"closed","template":"elementor_header_footer","meta":{"footnotes":""},"yoast_head":"<!-- This site is optimized with the Yoast SEO plugin v23.5 - https:\/\/yoast.com\/wordpress\/plugins\/seo\/ -->\n<title>Outsourcing - Geocronos<\/title>\n<meta name=\"robots\" content=\"index, follow, max-snippet:-1, max-image-preview:large, max-video-preview:-1\" \/>\n<link rel=\"canonical\" href=\"https:\/\/geocronos.cl\/index.php\/outsourcing\/\" \/>\n<meta property=\"og:locale\" content=\"es_ES\" \/>\n<meta property=\"og:type\" content=\"article\" \/>\n<meta property=\"og:title\" content=\"Outsourcing - Geocronos\" \/>\n<meta property=\"og:description\" content=\"Outsourcing (Servicios a la Miner\u00eda) Proveemos personal calificado para desempe\u00f1arse en diferentes funciones durante las distintas etapas de un proyecto minero. Servicios a la miner\u00eda Ofrecemos el apoyo y la asistencia geol\u00f3gica para proyectos de exploraci\u00f3n y miner\u00eda, otorgando el personal id\u00f3neo (ge\u00f3logos, ayudante de ge\u00f3logos, muestreros) seleccionados en funci\u00f3n de la necesidad y requerimiento [&hellip;]\" \/>\n<meta property=\"og:url\" content=\"https:\/\/geocronos.cl\/index.php\/outsourcing\/\" \/>\n<meta property=\"og:site_name\" content=\"Geocronos\" \/>\n<meta property=\"article:modified_time\" content=\"2023-05-30T00:00:50+00:00\" \/>\n<meta property=\"og:image\" content=\"https:\/\/geocronos.cl\/wp-content\/uploads\/2020\/08\/exploracion-3.jpg\" \/>\n<meta name=\"twitter:card\" content=\"summary_large_image\" \/>\n<meta name=\"twitter:label1\" content=\"Tiempo estimado de lectura\" \/>\n\t<meta name=\"twitter:data1\" content=\"1 minuto\" \/>\n<script type=\"application\/ld+json\" class=\"yoast-schema-graph\">{\"@context\":\"https:\/\/schema.org\",\"@graph\":[{\"@type\":\"WebPage\",\"@id\":\"https:\/\/geocronos.cl\/index.php\/outsourcing\/\",\"url\":\"https:\/\/geocronos.cl\/index.php\/outsourcing\/\",\"name\":\"Outsourcing - Geocronos\",\"isPartOf\":{\"@id\":\"https:\/\/geocronos.cl\/#website\"},\"primaryImageOfPage\":{\"@id\":\"https:\/\/geocronos.cl\/index.php\/outsourcing\/#primaryimage\"},\"image\":{\"@id\":\"https:\/\/geocronos.cl\/index.php\/outsourcing\/#primaryimage\"},\"thumbnailUrl\":\"https:\/\/geocronos.cl\/wp-content\/uploads\/2020\/08\/exploracion-3.jpg\",\"datePublished\":\"2020-08-06T02:09:01+00:00\",\"dateModified\":\"2023-05-30T00:00:50+00:00\",\"breadcrumb\":{\"@id\":\"https:\/\/geocronos.cl\/index.php\/outsourcing\/#breadcrumb\"},\"inLanguage\":\"es-CL\",\"potentialAction\":[{\"@type\":\"ReadAction\",\"target\":[\"https:\/\/geocronos.cl\/index.php\/outsourcing\/\"]}]},{\"@type\":\"ImageObject\",\"inLanguage\":\"es-CL\",\"@id\":\"https:\/\/geocronos.cl\/index.php\/outsourcing\/#primaryimage\",\"url\":\"https:\/\/geocronos.cl\/wp-content\/uploads\/2020\/08\/exploracion-3.jpg\",\"contentUrl\":\"https:\/\/geocronos.cl\/wp-content\/uploads\/2020\/08\/exploracion-3.jpg\",\"width\":1024,\"height\":768},{\"@type\":\"BreadcrumbList\",\"@id\":\"https:\/\/geocronos.cl\/index.php\/outsourcing\/#breadcrumb\",\"itemListElement\":[{\"@type\":\"ListItem\",\"position\":1,\"name\":\"Portada\",\"item\":\"https:\/\/geocronos.cl\/\"},{\"@type\":\"ListItem\",\"position\":2,\"name\":\"Outsourcing\"}]},{\"@type\":\"WebSite\",\"@id\":\"https:\/\/geocronos.cl\/#website\",\"url\":\"https:\/\/geocronos.cl\/\",\"name\":\"Geocronos\",\"description\":\"Servicios Geol\u00f3gicos\",\"potentialAction\":[{\"@type\":\"SearchAction\",\"target\":{\"@type\":\"EntryPoint\",\"urlTemplate\":\"https:\/\/geocronos.cl\/?s={search_term_string}\"},\"query-input\":{\"@type\":\"PropertyValueSpecification\",\"valueRequired\":true,\"valueName\":\"search_term_string\"}}],\"inLanguage\":\"es-CL\"}]}<\/script>\n<!-- \/ Yoast SEO plugin. -->","yoast_head_json":{"title":"Outsourcing - Geocronos","robots":{"index":"index","follow":"follow","max-snippet":"max-snippet:-1","max-image-preview":"max-image-preview:large","max-video-preview":"max-video-preview:-1"},"canonical":"https:\/\/geocronos.cl\/index.php\/outsourcing\/","og_locale":"es_ES","og_type":"article","og_title":"Outsourcing - Geocronos","og_description":"Outsourcing (Servicios a la Miner\u00eda) Proveemos personal calificado para desempe\u00f1arse en diferentes funciones durante las distintas etapas de un proyecto minero. Servicios a la miner\u00eda Ofrecemos el apoyo y la asistencia geol\u00f3gica para proyectos de exploraci\u00f3n y miner\u00eda, otorgando el personal id\u00f3neo (ge\u00f3logos, ayudante de ge\u00f3logos, muestreros) seleccionados en funci\u00f3n de la necesidad y requerimiento [&hellip;]","og_url":"https:\/\/geocronos.cl\/index.php\/outsourcing\/","og_site_name":"Geocronos","article_modified_time":"2023-05-30T00:00:50+00:00","og_image":[{"url":"https:\/\/geocronos.cl\/wp-content\/uploads\/2020\/08\/exploracion-3.jpg"}],"twitter_card":"summary_large_image","twitter_misc":{"Tiempo estimado de lectura":"1 minuto"},"schema":{"@context":"https:\/\/schema.org","@graph":[{"@type":"WebPage","@id":"https:\/\/geocronos.cl\/index.php\/outsourcing\/","url":"https:\/\/geocronos.cl\/index.php\/outsourcing\/","name":"Outsourcing - Geocronos","isPartOf":{"@id":"https:\/\/geocronos.cl\/#website"},"primaryImageOfPage":{"@id":"https:\/\/geocronos.cl\/index.php\/outsourcing\/#primaryimage"},"image":{"@id":"https:\/\/geocronos.cl\/index.php\/outsourcing\/#primaryimage"},"thumbnailUrl":"https:\/\/geocronos.cl\/wp-content\/uploads\/2020\/08\/exploracion-3.jpg","datePublished":"2020-08-06T02:09:01+00:00","dateModified":"2023-05-30T00:00:50+00:00","breadcrumb":{"@id":"https:\/\/geocronos.cl\/index.php\/outsourcing\/#breadcrumb"},"inLanguage":"es-CL","potentialAction":[{"@type":"ReadAction","target":["https:\/\/geocronos.cl\/index.php\/outsourcing\/"]}]},{"@type":"ImageObject","inLanguage":"es-CL","@id":"https:\/\/geocronos.cl\/index.php\/outsourcing\/#primaryimage","url":"https:\/\/geocronos.cl\/wp-content\/uploads\/2020\/08\/exploracion-3.jpg","contentUrl":"https:\/\/geocronos.cl\/wp-content\/uploads\/2020\/08\/exploracion-3.jpg","width":1024,"height":768},{"@type":"BreadcrumbList","@id":"https:\/\/geocronos.cl\/index.php\/outsourcing\/#breadcrumb","itemListElement":[{"@type":"ListItem","position":1,"name":"Portada","item":"https:\/\/geocronos.cl\/"},{"@type":"ListItem","position":2,"name":"Outsourcing"}]},{"@type":"WebSite","@id":"https:\/\/geocronos.cl\/#website","url":"https:\/\/geocronos.cl\/","name":"Geocronos","description":"Servicios Geol\u00f3gicos","potentialAction":[{"@type":"SearchAction","target":{"@type":"EntryPoint","urlTemplate":"https:\/\/geocronos.cl\/?s={search_term_string}"},"query-input":{"@type":"PropertyValueSpecification","valueRequired":true,"valueName":"search_term_string"}}],"inLanguage":"es-CL"}]}},"_links":{"self":[{"href":"https:\/\/geocronos.cl\/index.php\/wp-json\/wp\/v2\/pages\/738"}],"collection":[{"href":"https:\/\/geocronos.cl\/index.php\/wp-json\/wp\/v2\/pages"}],"about":[{"href":"https:\/\/geocronos.cl\/index.php\/wp-json\/wp\/v2\/types\/page"}],"author":[{"embeddable":true,"href":"https:\/\/geocronos.cl\/index.php\/wp-json\/wp\/v2\/users\/1"}],"replies":[{"embeddable":true,"href":"https:\/\/geocronos.cl\/index.php\/wp-json\/wp\/v2\/comments?post=738"}],"version-history":[{"count":13,"href":"https:\/\/geocronos.cl\/index.php\/wp-json\/wp\/v2\/pages\/738\/revisions"}],"predecessor-version":[{"id":1992,"href":"https:\/\/geocronos.cl\/index.php\/wp-json\/wp\/v2\/pages\/738\/revisions\/1992"}],"wp:attachment":[{"href":"https:\/\/geocronos.cl\/index.php\/wp-json\/wp\/v2\/media?parent=738"}],"curies":[{"name":"wp","href":"https:\/\/api.w.org\/{rel}","templated":true}]}}