{"id":742,"date":"2020-08-05T22:14:40","date_gmt":"2020-08-06T02:14:40","guid":{"rendered":"https:\/\/geocronos.cl\/?page_id=742"},"modified":"2023-05-29T20:01:46","modified_gmt":"2023-05-30T00:01:46","slug":"taller-de-preparaciones-petrograficas","status":"publish","type":"page","link":"https:\/\/geocronos.cl\/index.php\/taller-de-preparaciones-petrograficas\/","title":{"rendered":"Taller de Preparaciones Petrogr\u00e1ficas"},"content":{"rendered":"\t\t<div data-elementor-type=\"wp-page\" data-elementor-id=\"742\" class=\"elementor elementor-742\" data-elementor-post-type=\"page\">\n\t\t\t\t<div class=\"elementor-element elementor-element-11a5612f e-con-full e-flex e-con e-parent\" data-id=\"11a5612f\" data-element_type=\"container\">\n\t\t<div class=\"elementor-element elementor-element-7e165942 e-con-full e-flex e-con e-parent\" data-id=\"7e165942\" data-element_type=\"container\" data-settings=\"{&quot;background_background&quot;:&quot;classic&quot;}\">\n\t\t\t\t<div class=\"elementor-element elementor-element-5190fcd4 elementor-widget elementor-widget-heading\" data-id=\"5190fcd4\" data-element_type=\"widget\" data-widget_type=\"heading.default\">\n\t\t\t\t<div class=\"elementor-widget-container\">\n\t\t\t\t\t<h2 class=\"elementor-heading-title elementor-size-default\">Taller de Preparaciones\nPetrogr\u00e1ficas<\/h2>\t\t\t\t<\/div>\n\t\t\t\t<\/div>\n\t\t\t\t<div class=\"elementor-element elementor-element-32f4e71b elementor-widget elementor-widget-text-editor\" data-id=\"32f4e71b\" data-element_type=\"widget\" data-widget_type=\"text-editor.default\">\n\t\t\t\t<div class=\"elementor-widget-container\">\n\t\t\t\t\t\t\t\t\tPoseemos un taller de preparaciones petrogr\u00e1ficas que nos permite, por una parte entregar un servicio integral en el campo de la petrograf\u00eda-calcograf\u00eda y mineralog\u00eda aplicada y por otra satisfacer la demanda externa en la preparaci\u00f3n de muestra.\n\n\t\t\t\t\t\t\t\t<\/div>\n\t\t\t\t<\/div>\n\t\t\t\t<\/div>\n\t\t<div class=\"elementor-element elementor-element-47311f90 e-con-full e-flex e-con e-parent\" data-id=\"47311f90\" data-element_type=\"container\" data-settings=\"{&quot;background_background&quot;:&quot;classic&quot;}\">\n\t\t\t\t<\/div>\n\t\t\t\t<\/div>\n\t\t<div class=\"elementor-element elementor-element-78f1bfa8 e-flex e-con-boxed e-con e-parent\" data-id=\"78f1bfa8\" data-element_type=\"container\">\n\t\t\t\t\t<div class=\"e-con-inner\">\n\t\t\t\t<div class=\"elementor-element elementor-element-c12cab3 elementor-widget elementor-widget-heading\" data-id=\"c12cab3\" data-element_type=\"widget\" data-widget_type=\"heading.default\">\n\t\t\t\t<div class=\"elementor-widget-container\">\n\t\t\t\t\t<h2 class=\"elementor-heading-title elementor-size-default\">En nuestro taller se preparan:\n<\/h2>\t\t\t\t<\/div>\n\t\t\t\t<\/div>\n\t\t\t\t\t<\/div>\n\t\t\t\t<\/div>\n\t\t<div class=\"elementor-element elementor-element-3014982c e-flex e-con-boxed e-con e-parent\" data-id=\"3014982c\" data-element_type=\"container\">\n\t\t\t\t\t<div class=\"e-con-inner\">\n\t\t<div class=\"elementor-element elementor-element-677dc3a e-con-full e-flex e-con e-parent\" data-id=\"677dc3a\" data-element_type=\"container\">\n\t\t\t\t<div class=\"elementor-element elementor-element-3a107819 elementor-icon-list--layout-traditional elementor-list-item-link-full_width elementor-widget elementor-widget-icon-list\" data-id=\"3a107819\" data-element_type=\"widget\" data-widget_type=\"icon-list.default\">\n\t\t\t\t<div class=\"elementor-widget-container\">\n\t\t\t\t\t\t\t<ul class=\"elementor-icon-list-items\">\n\t\t\t\t\t\t\t<li class=\"elementor-icon-list-item\">\n\t\t\t\t\t\t\t\t\t\t\t<span class=\"elementor-icon-list-icon\">\n\t\t\t\t\t\t\t<i aria-hidden=\"true\" class=\"fas fa-arrow-right\"><\/i>\t\t\t\t\t\t<\/span>\n\t\t\t\t\t\t\t\t\t\t<span class=\"elementor-icon-list-text\">Secciones Transparentes est\u00e1ndar (4,8 x 2,7 cm)<\/span>\n\t\t\t\t\t\t\t\t\t<\/li>\n\t\t\t\t\t\t\t\t<li class=\"elementor-icon-list-item\">\n\t\t\t\t\t\t\t\t\t\t\t<span class=\"elementor-icon-list-icon\">\n\t\t\t\t\t\t\t<i aria-hidden=\"true\" class=\"fas fa-arrow-right\"><\/i>\t\t\t\t\t\t<\/span>\n\t\t\t\t\t\t\t\t\t\t<span class=\"elementor-icon-list-text\">Secciones Pulidas est\u00e1ndar (4,8 x 2,7 cm)<\/span>\n\t\t\t\t\t\t\t\t\t<\/li>\n\t\t\t\t\t\t\t\t<li class=\"elementor-icon-list-item\">\n\t\t\t\t\t\t\t\t\t\t\t<span class=\"elementor-icon-list-icon\">\n\t\t\t\t\t\t\t<i aria-hidden=\"true\" class=\"fas fa-arrow-right\"><\/i>\t\t\t\t\t\t<\/span>\n\t\t\t\t\t\t\t\t\t\t<span class=\"elementor-icon-list-text\">Secciones Transparentes-Pulidas est\u00e1ndar (4,8 x 2,7 cm)<\/span>\n\t\t\t\t\t\t\t\t\t<\/li>\n\t\t\t\t\t\t\t\t<li class=\"elementor-icon-list-item\">\n\t\t\t\t\t\t\t\t\t\t\t<span class=\"elementor-icon-list-icon\">\n\t\t\t\t\t\t\t<i aria-hidden=\"true\" class=\"fas fa-arrow-right\"><\/i>\t\t\t\t\t\t<\/span>\n\t\t\t\t\t\t\t\t\t\t<span class=\"elementor-icon-list-text\">Briquetas Transparentes<\/span>\n\t\t\t\t\t\t\t\t\t<\/li>\n\t\t\t\t\t\t<\/ul>\n\t\t\t\t\t\t<\/div>\n\t\t\t\t<\/div>\n\t\t\t\t<\/div>\n\t\t<div class=\"elementor-element elementor-element-b0c2e17 e-con-full e-flex e-con e-parent\" data-id=\"b0c2e17\" data-element_type=\"container\">\n\t\t\t\t<div class=\"elementor-element elementor-element-11ffffa9 elementor-icon-list--layout-traditional elementor-list-item-link-full_width elementor-widget elementor-widget-icon-list\" data-id=\"11ffffa9\" data-element_type=\"widget\" data-widget_type=\"icon-list.default\">\n\t\t\t\t<div class=\"elementor-widget-container\">\n\t\t\t\t\t\t\t<ul class=\"elementor-icon-list-items\">\n\t\t\t\t\t\t\t<li class=\"elementor-icon-list-item\">\n\t\t\t\t\t\t\t\t\t\t\t<span class=\"elementor-icon-list-icon\">\n\t\t\t\t\t\t\t<i aria-hidden=\"true\" class=\"fas fa-arrow-right\"><\/i>\t\t\t\t\t\t<\/span>\n\t\t\t\t\t\t\t\t\t\t<span class=\"elementor-icon-list-text\">Briquetas Pulidas<\/span>\n\t\t\t\t\t\t\t\t\t<\/li>\n\t\t\t\t\t\t\t\t<li class=\"elementor-icon-list-item\">\n\t\t\t\t\t\t\t\t\t\t\t<span class=\"elementor-icon-list-icon\">\n\t\t\t\t\t\t\t<i aria-hidden=\"true\" class=\"fas fa-arrow-right\"><\/i>\t\t\t\t\t\t<\/span>\n\t\t\t\t\t\t\t\t\t\t<span class=\"elementor-icon-list-text\">Briquetas Transparentes-Pulidas<\/span>\n\t\t\t\t\t\t\t\t\t<\/li>\n\t\t\t\t\t\t\t\t<li class=\"elementor-icon-list-item\">\n\t\t\t\t\t\t\t\t\t\t\t<span class=\"elementor-icon-list-icon\">\n\t\t\t\t\t\t\t<i aria-hidden=\"true\" class=\"fas fa-arrow-right\"><\/i>\t\t\t\t\t\t<\/span>\n\t\t\t\t\t\t\t\t\t\t<span class=\"elementor-icon-list-text\">Secciones para estudios de microtermometr\u00eda de inclusiones fluidas<\/span>\n\t\t\t\t\t\t\t\t\t<\/li>\n\t\t\t\t\t\t\t\t<li class=\"elementor-icon-list-item\">\n\t\t\t\t\t\t\t\t\t\t\t<span class=\"elementor-icon-list-icon\">\n\t\t\t\t\t\t\t<i aria-hidden=\"true\" class=\"fas fa-arrow-right\"><\/i>\t\t\t\t\t\t<\/span>\n\t\t\t\t\t\t\t\t\t\t<span class=\"elementor-icon-list-text\">Corte de rocas y testigos<\/span>\n\t\t\t\t\t\t\t\t\t<\/li>\n\t\t\t\t\t\t<\/ul>\n\t\t\t\t\t\t<\/div>\n\t\t\t\t<\/div>\n\t\t\t\t<\/div>\n\t\t\t\t\t<\/div>\n\t\t\t\t<\/div>\n\t\t<div class=\"elementor-element elementor-element-72c6a4c9 e-flex e-con-boxed e-con e-parent\" data-id=\"72c6a4c9\" data-element_type=\"container\" data-settings=\"{&quot;background_background&quot;:&quot;classic&quot;}\">\n\t\t\t\t\t<div class=\"e-con-inner\">\n\t\t<div class=\"elementor-element elementor-element-9b6ee92 e-con-full e-flex e-con e-parent\" data-id=\"9b6ee92\" data-element_type=\"container\">\n\t\t\t\t<div class=\"elementor-element elementor-element-cc2ad88 elementor-widget elementor-widget-heading\" data-id=\"cc2ad88\" data-element_type=\"widget\" data-widget_type=\"heading.default\">\n\t\t\t\t<div class=\"elementor-widget-container\">\n\t\t\t\t\t<h2 class=\"elementor-heading-title elementor-size-default\">Somos la soluci\u00f3n\na sus requerimientos geol\u00f3gicos<\/h2>\t\t\t\t<\/div>\n\t\t\t\t<\/div>\n\t\t\t\t<\/div>\n\t\t<div class=\"elementor-element elementor-element-102d2b6a e-con-full e-flex e-con e-parent\" data-id=\"102d2b6a\" data-element_type=\"container\" data-settings=\"{&quot;background_background&quot;:&quot;classic&quot;}\">\n\t\t\t\t<div class=\"elementor-element elementor-element-8ca6321 elementor-widget elementor-widget-heading\" data-id=\"8ca6321\" data-element_type=\"widget\" data-widget_type=\"heading.default\">\n\t\t\t\t<div class=\"elementor-widget-container\">\n\t\t\t\t\t<h5 class=\"elementor-heading-title elementor-size-default\">Solicite Servicios de Taller de Preparaciones Petrogr\u00e1ficas<\/h5>\t\t\t\t<\/div>\n\t\t\t\t<\/div>\n\t\t\t\t<div class=\"elementor-element elementor-element-eeae52d elementor-widget elementor-widget-text-editor\" data-id=\"eeae52d\" data-element_type=\"widget\" data-widget_type=\"text-editor.default\">\n\t\t\t\t<div class=\"elementor-widget-container\">\n\t\t\t\t\t\t\t\t\tLe entregaremos una atenci\u00f3n personalizada y lo ayudaremos a buscar la mejor soluci\u00f3n a sus requerimientos.\t\t\t\t\t\t\t\t<\/div>\n\t\t\t\t<\/div>\n\t\t\t\t<div class=\"elementor-element elementor-element-167e45a elementor-widget elementor-widget-button\" data-id=\"167e45a\" data-element_type=\"widget\" data-widget_type=\"button.default\">\n\t\t\t\t<div class=\"elementor-widget-container\">\n\t\t\t\t\t\t\t\t\t<div class=\"elementor-button-wrapper\">\n\t\t\t\t\t<a class=\"elementor-button elementor-button-link elementor-size-sm\" href=\"https:\/\/geocronos.cl\/index.php\/contacto\/\">\n\t\t\t\t\t\t<span class=\"elementor-button-content-wrapper\">\n\t\t\t\t\t\t\t\t\t<span class=\"elementor-button-text\">CONT\u00c1CTENOS AC\u00c1<\/span>\n\t\t\t\t\t<\/span>\n\t\t\t\t\t<\/a>\n\t\t\t\t<\/div>\n\t\t\t\t\t\t\t\t<\/div>\n\t\t\t\t<\/div>\n\t\t\t\t<\/div>\n\t\t\t\t\t<\/div>\n\t\t\t\t<\/div>\n\t\t\t\t<\/div>\n\t\t","protected":false},"excerpt":{"rendered":"<p>Taller de Preparaciones Petrogr\u00e1ficas Poseemos un taller de preparaciones petrogr\u00e1ficas que nos permite, por una parte entregar un servicio integral en el campo de la petrograf\u00eda-calcograf\u00eda y mineralog\u00eda aplicada y por otra satisfacer la demanda externa en la preparaci\u00f3n de muestra. En nuestro taller se preparan: Secciones Transparentes est\u00e1ndar (4,8 x 2,7 cm) Secciones Pulidas [&hellip;]<\/p>\n","protected":false},"author":1,"featured_media":0,"parent":0,"menu_order":0,"comment_status":"closed","ping_status":"closed","template":"elementor_header_footer","meta":{"footnotes":""},"yoast_head":"<!-- This site is optimized with the Yoast SEO plugin v23.5 - https:\/\/yoast.com\/wordpress\/plugins\/seo\/ -->\n<title>Taller de Preparaciones Petrogr\u00e1ficas - Geocronos<\/title>\n<meta name=\"robots\" content=\"index, follow, max-snippet:-1, max-image-preview:large, max-video-preview:-1\" \/>\n<link rel=\"canonical\" href=\"https:\/\/geocronos.cl\/index.php\/taller-de-preparaciones-petrograficas\/\" \/>\n<meta property=\"og:locale\" content=\"es_ES\" \/>\n<meta property=\"og:type\" content=\"article\" \/>\n<meta property=\"og:title\" content=\"Taller de Preparaciones Petrogr\u00e1ficas - Geocronos\" \/>\n<meta property=\"og:description\" content=\"Taller de Preparaciones Petrogr\u00e1ficas Poseemos un taller de preparaciones petrogr\u00e1ficas que nos permite, por una parte entregar un servicio integral en el campo de la petrograf\u00eda-calcograf\u00eda y mineralog\u00eda aplicada y por otra satisfacer la demanda externa en la preparaci\u00f3n de muestra. En nuestro taller se preparan: Secciones Transparentes est\u00e1ndar (4,8 x 2,7 cm) Secciones Pulidas [&hellip;]\" \/>\n<meta property=\"og:url\" content=\"https:\/\/geocronos.cl\/index.php\/taller-de-preparaciones-petrograficas\/\" \/>\n<meta property=\"og:site_name\" content=\"Geocronos\" \/>\n<meta property=\"article:modified_time\" content=\"2023-05-30T00:01:46+00:00\" \/>\n<meta name=\"twitter:card\" content=\"summary_large_image\" \/>\n<meta name=\"twitter:label1\" content=\"Tiempo estimado de lectura\" \/>\n\t<meta name=\"twitter:data1\" content=\"1 minuto\" \/>\n<script type=\"application\/ld+json\" class=\"yoast-schema-graph\">{\"@context\":\"https:\/\/schema.org\",\"@graph\":[{\"@type\":\"WebPage\",\"@id\":\"https:\/\/geocronos.cl\/index.php\/taller-de-preparaciones-petrograficas\/\",\"url\":\"https:\/\/geocronos.cl\/index.php\/taller-de-preparaciones-petrograficas\/\",\"name\":\"Taller de Preparaciones Petrogr\u00e1ficas - Geocronos\",\"isPartOf\":{\"@id\":\"https:\/\/geocronos.cl\/#website\"},\"datePublished\":\"2020-08-06T02:14:40+00:00\",\"dateModified\":\"2023-05-30T00:01:46+00:00\",\"breadcrumb\":{\"@id\":\"https:\/\/geocronos.cl\/index.php\/taller-de-preparaciones-petrograficas\/#breadcrumb\"},\"inLanguage\":\"es-CL\",\"potentialAction\":[{\"@type\":\"ReadAction\",\"target\":[\"https:\/\/geocronos.cl\/index.php\/taller-de-preparaciones-petrograficas\/\"]}]},{\"@type\":\"BreadcrumbList\",\"@id\":\"https:\/\/geocronos.cl\/index.php\/taller-de-preparaciones-petrograficas\/#breadcrumb\",\"itemListElement\":[{\"@type\":\"ListItem\",\"position\":1,\"name\":\"Portada\",\"item\":\"https:\/\/geocronos.cl\/\"},{\"@type\":\"ListItem\",\"position\":2,\"name\":\"Taller de Preparaciones Petrogr\u00e1ficas\"}]},{\"@type\":\"WebSite\",\"@id\":\"https:\/\/geocronos.cl\/#website\",\"url\":\"https:\/\/geocronos.cl\/\",\"name\":\"Geocronos\",\"description\":\"Servicios Geol\u00f3gicos\",\"potentialAction\":[{\"@type\":\"SearchAction\",\"target\":{\"@type\":\"EntryPoint\",\"urlTemplate\":\"https:\/\/geocronos.cl\/?s={search_term_string}\"},\"query-input\":{\"@type\":\"PropertyValueSpecification\",\"valueRequired\":true,\"valueName\":\"search_term_string\"}}],\"inLanguage\":\"es-CL\"}]}<\/script>\n<!-- \/ Yoast SEO plugin. -->","yoast_head_json":{"title":"Taller de Preparaciones Petrogr\u00e1ficas - Geocronos","robots":{"index":"index","follow":"follow","max-snippet":"max-snippet:-1","max-image-preview":"max-image-preview:large","max-video-preview":"max-video-preview:-1"},"canonical":"https:\/\/geocronos.cl\/index.php\/taller-de-preparaciones-petrograficas\/","og_locale":"es_ES","og_type":"article","og_title":"Taller de Preparaciones Petrogr\u00e1ficas - Geocronos","og_description":"Taller de Preparaciones Petrogr\u00e1ficas Poseemos un taller de preparaciones petrogr\u00e1ficas que nos permite, por una parte entregar un servicio integral en el campo de la petrograf\u00eda-calcograf\u00eda y mineralog\u00eda aplicada y por otra satisfacer la demanda externa en la preparaci\u00f3n de muestra. En nuestro taller se preparan: Secciones Transparentes est\u00e1ndar (4,8 x 2,7 cm) Secciones Pulidas [&hellip;]","og_url":"https:\/\/geocronos.cl\/index.php\/taller-de-preparaciones-petrograficas\/","og_site_name":"Geocronos","article_modified_time":"2023-05-30T00:01:46+00:00","twitter_card":"summary_large_image","twitter_misc":{"Tiempo estimado de lectura":"1 minuto"},"schema":{"@context":"https:\/\/schema.org","@graph":[{"@type":"WebPage","@id":"https:\/\/geocronos.cl\/index.php\/taller-de-preparaciones-petrograficas\/","url":"https:\/\/geocronos.cl\/index.php\/taller-de-preparaciones-petrograficas\/","name":"Taller de Preparaciones Petrogr\u00e1ficas - Geocronos","isPartOf":{"@id":"https:\/\/geocronos.cl\/#website"},"datePublished":"2020-08-06T02:14:40+00:00","dateModified":"2023-05-30T00:01:46+00:00","breadcrumb":{"@id":"https:\/\/geocronos.cl\/index.php\/taller-de-preparaciones-petrograficas\/#breadcrumb"},"inLanguage":"es-CL","potentialAction":[{"@type":"ReadAction","target":["https:\/\/geocronos.cl\/index.php\/taller-de-preparaciones-petrograficas\/"]}]},{"@type":"BreadcrumbList","@id":"https:\/\/geocronos.cl\/index.php\/taller-de-preparaciones-petrograficas\/#breadcrumb","itemListElement":[{"@type":"ListItem","position":1,"name":"Portada","item":"https:\/\/geocronos.cl\/"},{"@type":"ListItem","position":2,"name":"Taller de Preparaciones Petrogr\u00e1ficas"}]},{"@type":"WebSite","@id":"https:\/\/geocronos.cl\/#website","url":"https:\/\/geocronos.cl\/","name":"Geocronos","description":"Servicios Geol\u00f3gicos","potentialAction":[{"@type":"SearchAction","target":{"@type":"EntryPoint","urlTemplate":"https:\/\/geocronos.cl\/?s={search_term_string}"},"query-input":{"@type":"PropertyValueSpecification","valueRequired":true,"valueName":"search_term_string"}}],"inLanguage":"es-CL"}]}},"_links":{"self":[{"href":"https:\/\/geocronos.cl\/index.php\/wp-json\/wp\/v2\/pages\/742"}],"collection":[{"href":"https:\/\/geocronos.cl\/index.php\/wp-json\/wp\/v2\/pages"}],"about":[{"href":"https:\/\/geocronos.cl\/index.php\/wp-json\/wp\/v2\/types\/page"}],"author":[{"embeddable":true,"href":"https:\/\/geocronos.cl\/index.php\/wp-json\/wp\/v2\/users\/1"}],"replies":[{"embeddable":true,"href":"https:\/\/geocronos.cl\/index.php\/wp-json\/wp\/v2\/comments?post=742"}],"version-history":[{"count":13,"href":"https:\/\/geocronos.cl\/index.php\/wp-json\/wp\/v2\/pages\/742\/revisions"}],"predecessor-version":[{"id":1995,"href":"https:\/\/geocronos.cl\/index.php\/wp-json\/wp\/v2\/pages\/742\/revisions\/1995"}],"wp:attachment":[{"href":"https:\/\/geocronos.cl\/index.php\/wp-json\/wp\/v2\/media?parent=742"}],"curies":[{"name":"wp","href":"https:\/\/api.w.org\/{rel}","templated":true}]}}